{"id":10942,"date":"2026-03-14T03:06:52","date_gmt":"2026-03-14T02:06:52","guid":{"rendered":"https:\/\/taghazoutlife.com\/?page_id=10942"},"modified":"2026-04-03T17:13:20","modified_gmt":"2026-04-03T16:13:20","slug":"the-team","status":"publish","type":"page","link":"https:\/\/taghazoutlife.com\/fr\/the-team\/","title":{"rendered":"L\u2019\u00c9quipe"},"content":{"rendered":"<div class=\"wpb-content-wrapper\"><div data-vc-full-width=\"true\" data-vc-full-width-temp=\"true\" data-vc-full-width-init=\"false\" data-vc-stretch-content=\"true\" class=\"vc_row wpb_row vc_row-fluid vc_custom_1774302756980 vc_row-has-fill wd-rs-69c1b5dfc6b99\"><div class=\"wpb_column vc_column_container vc_col-sm-12 wd-rs-69a63920f2ecd\"><div class=\"vc_column-inner vc_custom_1772501286463\"><div class=\"wpb_wrapper\">\n\t\t<div id=\"wd-69cfba011f49e\" class=\"title-wrapper wd-wpb wd-set-mb reset-last-child  wd-rs-69cfba011f49e wd-title-color-white wd-title-style-default text-center vc_custom_1775221256792 wd-underline-colored\">\n\t\t\t\t\t\t\t\n\t\t\t\t<div class=\"title-subtitle  subtitle-color-white font-alt subtitle-style-default wd-font-weight-100 wd-fontsize-xs\">Visages amicaux, bonne ambiance<\/div>\n\t\t\t\n\t\t\t<div class=\"liner-continer\">\n\t\t\t\t<h1 class=\"woodmart-title-container title  wd-font-weight-100 wd-fontsize-l\" ><strong>L'\u00c9QUIPE<\/strong><\/h1>\n\t\t\t\t\t\t\t<\/div>\n\t\t\t\n\t\t\t\t\t\t\t<div class=\"title-after_title reset-last-child  wd-fontsize-xs\">D\u00e9couvrez l'\u00e9quipe qui fait de Taghazout Life un lieu o\u00f9 l'on se sent comme chez soi.<\/div>\n\t\t\t\n\t\t\t\n\t\t<\/div>\n\t\t\n\t\t\t\t\t<div id=\"wd-69a79a956401a\" class=\"wd-row-divider wd-69a79a956401a dvr-position-bottom dvr-style-sweet-wave dvr-overlap-enable\">\n\t\t\t\t<svg width=\"100%\" height=\"50px\" viewbox=\"0 0 1920 80\" xmlns=\"http:\/\/www.w3.org\/2000\/svg\" preserveaspectratio=\"none\">\n<path d=\"M0 20C0 20 169.5 0 510 0C850.5 0 1069.5 60 1410 60C1750.5 60 1920 20 1920 20V80H0V20Z\" \/>\n<\/svg>\n\t\t\t\t\t\t\t<\/div>\n\t\t<\/div><\/div><\/div><\/div><div class=\"vc_row-full-width vc_clearfix\"><\/div><section data-vc-full-width=\"true\" data-vc-full-width-temp=\"true\" data-vc-full-width-init=\"false\" class=\"vc_section vc_custom_1774282675497 vc_section-has-fill wd-bg-center-center mobile-bg-img-hidden wd-rs-69c1679c61096\"><div class=\"vc_row wpb_row vc_row-fluid vc_custom_1775225171184 vc_row-o-content-middle vc_row-flex wd-rs-69cfc94df3127\"><div class=\"wpb_column vc_column_container vc_col-sm-12 vc_col-lg-6 vc_col-md-6\"><div class=\"vc_column-inner vc_custom_1499613171590\"><div class=\"wpb_wrapper\">\t\t<div id=\"wd-69c1a43611a2e\" class=\"wd-text-block wd-wpb reset-last-child wd-rs-69c1a43611a2e hidden-md hidden-sm hidden-xs text-left wd-fontsize-custom vc_custom_1774298207437\">\n\t\t\t<p>Des moniteurs de surf au personnel des auberges, notre \u00e9quipe travaille ensemble pour vous offrir la meilleure exp\u00e9rience possible \u00e0 Taghazout.<\/p>\n\t\t<\/div>\n\t\t\n\t\t<div id=\"wd-69c1bb618bc85\" class=\"title-wrapper wd-wpb wd-set-mb reset-last-child  wd-rs-69c1bb618bc85 wd-title-color-default wd-title-style-default text-left vc_custom_1774304111162 wd-underline-colored\">\n\t\t\t\n\t\t\t<div class=\"liner-continer\">\n\t\t\t\t<h4 class=\"woodmart-title-container title  wd-font-weight- wd-fontsize-l\" >D\u00e9couvrez les personnes derri\u00e8re Taghazout Life<\/h4>\n\t\t\t\t\t\t\t<\/div>\n\t\t\t\n\t\t\t\n\t\t\t\n\t\t<\/div>\n\t\t\n\t\t<\/div><\/div><\/div><div class=\"wpb_column vc_column_container vc_col-sm-12 vc_col-lg-6 vc_col-md-6\"><div class=\"vc_column-inner vc_custom_1499613182447\"><div class=\"wpb_wrapper\">\t\t<div id=\"wd-69c1a485813e1\" class=\"wd-text-block wd-wpb reset-last-child wd-rs-69c1a485813e1 text-left wd-fontsize-custom vc_custom_1774298251821\">\n\t\t\t<p>Chez Taghazout Life, notre \u00e9quipe est compos\u00e9e de locaux, de surfeurs et de voyageurs passionn\u00e9s qui aiment partager l'esprit unique de Taghazout. Nous travaillons ensemble pour cr\u00e9er une ambiance chaleureuse et d\u00e9contract\u00e9e o\u00f9 chaque h\u00f4te se sent accueilli, \u00e0 l'aise et comme chez lui. Que vous soyez l\u00e0 pour surfer, vous d\u00e9tendre ou explorer les environs, notre \u00e9quipe est toujours l\u00e0 pour vous aider \u00e0 vivre une exp\u00e9rience inoubliable.<\/p>\n\t\t<\/div>\n\t\t<\/div><\/div><\/div><\/div><div data-vc-full-width=\"true\" data-vc-full-width-temp=\"true\" data-vc-full-width-init=\"false\" class=\"vc_row wpb_row vc_row-fluid vc_custom_1775232451726 vc_row-has-fill vc_row-o-content-middle vc_row-flex wd-disable-overflow wd-bg-center-top row-reverse-mobile wd-rs-69cfe5bcd5768\"><div class=\"wpb_column vc_column_container vc_col-sm-6 vc_col-md-6 vc_col-has-fill wd-z-index reset-margin-mobile wd-rs-6116318badcb8\"><div class=\"vc_column-inner vc_custom_1628844429951\"><div class=\"wpb_wrapper\">\n\t\t<div id=\"wd-69cfc8b24d1ea\" class=\"title-wrapper wd-wpb wd-set-mb reset-last-child  wd-rs-69cfc8b24d1ea wd-title-color-default wd-title-style-default text-left vc_custom_1775225035516 wd-width-custom wd-underline-colored\">\n\t\t\t\t\t\t\t\n\t\t\t\t<div class=\"title-subtitle  subtitle-color-default font-alt subtitle-style-default wd-font-weight- wd-fontsize-xs\">Fondateur<\/div>\n\t\t\t\n\t\t\t<div class=\"liner-continer\">\n\t\t\t\t<h4 class=\"woodmart-title-container title  wd-font-weight- wd-fontsize-l\" >MOHA<\/h4>\n\t\t\t\t\t\t\t<\/div>\n\t\t\t\n\t\t\t\n\t\t\t\n\t\t<\/div>\n\t\t\n\t\t\t\t<div id=\"wd-69cfc8cc42fe0\" class=\"wd-text-block wd-wpb reset-last-child wd-rs-69cfc8cc42fe0 text-left vc_custom_1775225059776\">\n\t\t\t<p>N\u00e9 et ayant grandi \u00e0 Taghazout, Moha a cr\u00e9\u00e9 Taghazout Life en 2019 afin de b\u00e2tir une surf house conviviale pour les voyageurs du monde entier. Passionn\u00e9 de surf et de voyages, il a imagin\u00e9 un lieu o\u00f9 surf camp, yoga et \u00e9changes culturels se m\u00ealent naturellement \u00e0 la vie locale de Taghazout.<\/p>\n\t\t<\/div>\n\t\t<\/div><\/div><\/div><div class=\"wpb_column vc_column_container vc_col-sm-6 vc_col-md-6 wd-rs-610bd08d8fbfb\"><div class=\"vc_column-inner vc_custom_1628164243256\"><div class=\"wpb_wrapper\">\t\t<div id=\"wd-69cfc89db472e\" class=\"wd-image wd-wpb wd-rs-69cfc89db472e text-center vc_custom_1775225009013\">\n\t\t\t\n\t\t\t<img loading=\"lazy\" decoding=\"async\" width=\"2000\" height=\"1333\" src=\"https:\/\/taghazoutlife.com\/wp-content\/uploads\/2026\/03\/DSC04880.jpg\" class=\"attachment-full size-full\" alt=\"\" srcset=\"https:\/\/taghazoutlife.com\/wp-content\/uploads\/2026\/03\/DSC04880.jpg 2000w, https:\/\/taghazoutlife.com\/wp-content\/uploads\/2026\/03\/DSC04880-400x267.jpg 400w, https:\/\/taghazoutlife.com\/wp-content\/uploads\/2026\/03\/DSC04880-1200x800.jpg 1200w, https:\/\/taghazoutlife.com\/wp-content\/uploads\/2026\/03\/DSC04880-768x512.jpg 768w, https:\/\/taghazoutlife.com\/wp-content\/uploads\/2026\/03\/DSC04880-1536x1024.jpg 1536w, https:\/\/taghazoutlife.com\/wp-content\/uploads\/2026\/03\/DSC04880-18x12.jpg 18w\" sizes=\"auto, (max-width: 2000px) 100vw, 2000px\" \/>\n\t\t\t\t\t<\/div>\n\t\t<\/div><\/div><\/div><\/div><div class=\"vc_row-full-width vc_clearfix\"><\/div><div class=\"vc_row wpb_row vc_row-fluid vc_custom_1775232457094 wd-rs-69cfe5c49bbd4\"><div class=\"wpb_column vc_column_container vc_col-sm-3\"><div class=\"vc_column-inner\"><div class=\"wpb_wrapper\">\t\t\t<div class=\"info-box-wrapper\">\n\t\t\t\t<div id=\"wd-69cfe6b2a7b55\" class=\"wd-rs-69cfe6b2a7b55 wd-info-box wd-wpb text-left box-icon-align-top box-style-shadow color-scheme- wd-bg-none vc_custom_1775232733747\">\n\t\t\t\t\t\t\t\t\t\t<div class=\"info-box-content\">\n\t\t\t\t\t\t<h3 class=\"info-box-title title box-title-style-default wd-fontsize-xl\">Abdoul<\/h3>\t\t\t\t\t\t<div class=\"info-box-inner reset-last-child\"><p>Gestion et accueil<\/p>\n<\/div>\n\n\t\t\t\t\t\t\t\t\t\t\t<\/div>\n\n\t\t\t\t\t\n\t\t\t\t\t\t\t\t\t<\/div>\n\t\t\t<\/div>\n\t\t<\/div><\/div><\/div><div class=\"wpb_column vc_column_container vc_col-sm-3\"><div class=\"vc_column-inner\"><div class=\"wpb_wrapper\">\t\t\t<div class=\"info-box-wrapper\">\n\t\t\t\t<div id=\"wd-69cfe6f2208fe\" class=\"wd-rs-69cfe6f2208fe wd-info-box wd-wpb text-left box-icon-align-top box-style-shadow color-scheme- wd-bg-none vc_custom_1775232768212\">\n\t\t\t\t\t\t\t\t\t\t<div class=\"info-box-content\">\n\t\t\t\t\t\t<h3 class=\"info-box-title title box-title-style-default wd-fontsize-xl\">Karim<\/h3>\t\t\t\t\t\t<div class=\"info-box-inner reset-last-child\"><p>moniteur de surf et accueil<\/p>\n<\/div>\n\n\t\t\t\t\t\t\t\t\t\t\t<\/div>\n\n\t\t\t\t\t\n\t\t\t\t\t\t\t\t\t<\/div>\n\t\t\t<\/div>\n\t\t<\/div><\/div><\/div><div class=\"wpb_column vc_column_container vc_col-sm-3\"><div class=\"vc_column-inner\"><div class=\"wpb_wrapper\">\t\t\t<div class=\"info-box-wrapper\">\n\t\t\t\t<div id=\"wd-69cfe6ef99ffa\" class=\"wd-rs-69cfe6ef99ffa wd-info-box wd-wpb text-left box-icon-align-top box-style-shadow color-scheme- wd-bg-none vc_custom_1775232784378\">\n\t\t\t\t\t\t\t\t\t\t<div class=\"info-box-content\">\n\t\t\t\t\t\t<h3 class=\"info-box-title title box-title-style-default wd-fontsize-xl\">Najet &amp; Fatiha<\/h3>\t\t\t\t\t\t<div class=\"info-box-inner reset-last-child\"><p>Cuisine et entretien m\u00e9nager<\/p>\n<\/div>\n\n\t\t\t\t\t\t\t\t\t\t\t<\/div>\n\n\t\t\t\t\t\n\t\t\t\t\t\t\t\t\t<\/div>\n\t\t\t<\/div>\n\t\t<\/div><\/div><\/div><div class=\"wpb_column vc_column_container vc_col-sm-3\"><div class=\"vc_column-inner\"><div class=\"wpb_wrapper\">\t\t\t<div class=\"info-box-wrapper\">\n\t\t\t\t<div id=\"wd-69cfe7152757c\" class=\"wd-rs-69cfe7152757c wd-info-box wd-wpb text-left box-icon-align-top box-style-shadow color-scheme- wd-bg-none vc_custom_1775232799099\">\n\t\t\t\t\t\t\t\t\t\t<div class=\"info-box-content\">\n\t\t\t\t\t\t<h3 class=\"info-box-title title box-title-style-default wd-fontsize-xl\">Zoulikha<\/h3>\t\t\t\t\t\t<div class=\"info-box-inner reset-last-child\"><p>Digital<\/p>\n<\/div>\n\n\t\t\t\t\t\t\t\t\t\t\t<\/div>\n\n\t\t\t\t\t\n\t\t\t\t\t\t\t\t\t<\/div>\n\t\t\t<\/div>\n\t\t<\/div><\/div><\/div><\/div><div data-vc-full-width=\"true\" data-vc-full-width-temp=\"true\" data-vc-full-width-init=\"false\" data-vc-stretch-content=\"true\" class=\"vc_row wpb_row vc_row-fluid vc_row-no-padding\"><div class=\"wpb_column vc_column_container vc_col-sm-12\"><div class=\"vc_column-inner vc_custom_1564497848562\"><div class=\"wpb_wrapper\">\t\t\t<div id=\"wd-69b4ca0470ff2\" class=\"wd-row-divider wd-69b4ca0470ff2 dvr-position-bottom dvr-style-sweet-wave\">\n\t\t\t\t<svg width=\"100%\" height=\"50px\" viewbox=\"0 0 1920 80\" xmlns=\"http:\/\/www.w3.org\/2000\/svg\" preserveaspectratio=\"none\">\n<path d=\"M0 20C0 20 169.5 0 510 0C850.5 0 1069.5 60 1410 60C1750.5 60 1920 20 1920 20V80H0V20Z\" \/>\n<\/svg>\n\t\t\t\t\t\t\t<\/div>\n\t\t<\/div><\/div><\/div><\/div><div class=\"vc_row-full-width vc_clearfix\"><\/div><\/section><div class=\"vc_row-full-width vc_clearfix\"><\/div>\n<\/div>","protected":false},"excerpt":{"rendered":"Friendly faces, good vibes THE TEAM Meet the team that makes Taghazout Life feel like home. From surf coaches to","protected":false},"author":1,"featured_media":11223,"parent":0,"menu_order":0,"comment_status":"closed","ping_status":"closed","template":"","meta":{"footnotes":""},"class_list":["post-10942","page","type-page","status-publish","has-post-thumbnail","hentry"],"yoast_head":"<!-- This site is optimized with the Yoast SEO plugin v27.4 - https:\/\/yoast.com\/product\/yoast-seo-wordpress\/ -->\n<title>The Team - Taghazout Life Surf House<\/title>\n<meta name=\"description\" content=\"Meet the team at Taghazout Life Surf House, passionate locals and surfers dedicated to making your stay in Taghazout unforgettable.\" \/>\n<meta name=\"robots\" content=\"index, follow, max-snippet:-1, max-image-preview:large, max-video-preview:-1\" \/>\n<link rel=\"canonical\" href=\"https:\/\/taghazoutlife.com\/fr\/the-team\/\" \/>\n<meta property=\"og:locale\" content=\"fr_FR\" \/>\n<meta property=\"og:type\" content=\"article\" \/>\n<meta property=\"og:title\" content=\"The Team - Taghazout Life Surf House\" \/>\n<meta property=\"og:description\" content=\"Meet the team at Taghazout Life Surf House, passionate locals and surfers dedicated to making your stay in Taghazout unforgettable.\" \/>\n<meta property=\"og:url\" content=\"https:\/\/taghazoutlife.com\/fr\/the-team\/\" \/>\n<meta property=\"og:site_name\" content=\"Taghazout Life Surf House\" \/>\n<meta property=\"article:modified_time\" content=\"2026-04-03T16:13:20+00:00\" \/>\n<meta property=\"og:image\" content=\"https:\/\/taghazoutlife.com\/wp-content\/uploads\/2026\/03\/DSC04880.jpg\" \/>\n\t<meta property=\"og:image:width\" content=\"2000\" \/>\n\t<meta property=\"og:image:height\" content=\"1333\" \/>\n\t<meta property=\"og:image:type\" content=\"image\/jpeg\" \/>\n<meta name=\"twitter:card\" content=\"summary_large_image\" \/>\n<meta name=\"twitter:label1\" content=\"Dur\u00e9e de lecture estim\u00e9e\" \/>\n\t<meta name=\"twitter:data1\" content=\"3 minutes\" \/>\n<script type=\"application\/ld+json\" class=\"yoast-schema-graph\">{\"@context\":\"https:\\\/\\\/schema.org\",\"@graph\":[{\"@type\":\"WebPage\",\"@id\":\"https:\\\/\\\/taghazoutlife.com\\\/the-team\\\/\",\"url\":\"https:\\\/\\\/taghazoutlife.com\\\/the-team\\\/\",\"name\":\"The Team - Taghazout Life Surf House\",\"isPartOf\":{\"@id\":\"https:\\\/\\\/taghazoutlife.com\\\/#website\"},\"primaryImageOfPage\":{\"@id\":\"https:\\\/\\\/taghazoutlife.com\\\/the-team\\\/#primaryimage\"},\"image\":{\"@id\":\"https:\\\/\\\/taghazoutlife.com\\\/the-team\\\/#primaryimage\"},\"thumbnailUrl\":\"https:\\\/\\\/taghazoutlife.com\\\/wp-content\\\/uploads\\\/2026\\\/03\\\/DSC04880.jpg\",\"datePublished\":\"2026-03-14T02:06:52+00:00\",\"dateModified\":\"2026-04-03T16:13:20+00:00\",\"description\":\"Meet the team at Taghazout Life Surf House, passionate locals and surfers dedicated to making your stay in Taghazout unforgettable.\",\"breadcrumb\":{\"@id\":\"https:\\\/\\\/taghazoutlife.com\\\/the-team\\\/#breadcrumb\"},\"inLanguage\":\"fr-FR\",\"potentialAction\":[{\"@type\":\"ReadAction\",\"target\":[\"https:\\\/\\\/taghazoutlife.com\\\/the-team\\\/\"]}]},{\"@type\":\"ImageObject\",\"inLanguage\":\"fr-FR\",\"@id\":\"https:\\\/\\\/taghazoutlife.com\\\/the-team\\\/#primaryimage\",\"url\":\"https:\\\/\\\/taghazoutlife.com\\\/wp-content\\\/uploads\\\/2026\\\/03\\\/DSC04880.jpg\",\"contentUrl\":\"https:\\\/\\\/taghazoutlife.com\\\/wp-content\\\/uploads\\\/2026\\\/03\\\/DSC04880.jpg\",\"width\":2000,\"height\":1333},{\"@type\":\"BreadcrumbList\",\"@id\":\"https:\\\/\\\/taghazoutlife.com\\\/the-team\\\/#breadcrumb\",\"itemListElement\":[{\"@type\":\"ListItem\",\"position\":1,\"name\":\"Home\",\"item\":\"https:\\\/\\\/taghazoutlife.com\\\/\"},{\"@type\":\"ListItem\",\"position\":2,\"name\":\"The Team\"}]},{\"@type\":\"WebSite\",\"@id\":\"https:\\\/\\\/taghazoutlife.com\\\/#website\",\"url\":\"https:\\\/\\\/taghazoutlife.com\\\/\",\"name\":\"Taghazout Life Surf House\",\"description\":\"Surf Camp &amp; Accommodation in Taghazout Morocco\",\"publisher\":{\"@id\":\"https:\\\/\\\/taghazoutlife.com\\\/#organization\"},\"potentialAction\":[{\"@type\":\"SearchAction\",\"target\":{\"@type\":\"EntryPoint\",\"urlTemplate\":\"https:\\\/\\\/taghazoutlife.com\\\/?s={search_term_string}\"},\"query-input\":{\"@type\":\"PropertyValueSpecification\",\"valueRequired\":true,\"valueName\":\"search_term_string\"}}],\"inLanguage\":\"fr-FR\"},{\"@type\":\"Organization\",\"@id\":\"https:\\\/\\\/taghazoutlife.com\\\/#organization\",\"name\":\"Taghazout Life Surf House\",\"url\":\"https:\\\/\\\/taghazoutlife.com\\\/\",\"logo\":{\"@type\":\"ImageObject\",\"inLanguage\":\"fr-FR\",\"@id\":\"https:\\\/\\\/taghazoutlife.com\\\/#\\\/schema\\\/logo\\\/image\\\/\",\"url\":\"https:\\\/\\\/taghazoutlife.com\\\/wp-content\\\/uploads\\\/2026\\\/03\\\/logo-footer-black.png\",\"contentUrl\":\"https:\\\/\\\/taghazoutlife.com\\\/wp-content\\\/uploads\\\/2026\\\/03\\\/logo-footer-black.png\",\"width\":512,\"height\":512,\"caption\":\"Taghazout Life Surf House\"},\"image\":{\"@id\":\"https:\\\/\\\/taghazoutlife.com\\\/#\\\/schema\\\/logo\\\/image\\\/\"}}]}<\/script>\n<!-- \/ Yoast SEO plugin. -->","yoast_head_json":{"title":"The Team - Taghazout Life Surf House","description":"Meet the team at Taghazout Life Surf House, passionate locals and surfers dedicated to making your stay in Taghazout unforgettable.","robots":{"index":"index","follow":"follow","max-snippet":"max-snippet:-1","max-image-preview":"max-image-preview:large","max-video-preview":"max-video-preview:-1"},"canonical":"https:\/\/taghazoutlife.com\/fr\/the-team\/","og_locale":"fr_FR","og_type":"article","og_title":"The Team - Taghazout Life Surf House","og_description":"Meet the team at Taghazout Life Surf House, passionate locals and surfers dedicated to making your stay in Taghazout unforgettable.","og_url":"https:\/\/taghazoutlife.com\/fr\/the-team\/","og_site_name":"Taghazout Life Surf House","article_modified_time":"2026-04-03T16:13:20+00:00","og_image":[{"width":2000,"height":1333,"url":"https:\/\/taghazoutlife.com\/wp-content\/uploads\/2026\/03\/DSC04880.jpg","type":"image\/jpeg"}],"twitter_card":"summary_large_image","twitter_misc":{"Dur\u00e9e de lecture estim\u00e9e":"3 minutes"},"schema":{"@context":"https:\/\/schema.org","@graph":[{"@type":"WebPage","@id":"https:\/\/taghazoutlife.com\/the-team\/","url":"https:\/\/taghazoutlife.com\/the-team\/","name":"The Team - Taghazout Life Surf House","isPartOf":{"@id":"https:\/\/taghazoutlife.com\/#website"},"primaryImageOfPage":{"@id":"https:\/\/taghazoutlife.com\/the-team\/#primaryimage"},"image":{"@id":"https:\/\/taghazoutlife.com\/the-team\/#primaryimage"},"thumbnailUrl":"https:\/\/taghazoutlife.com\/wp-content\/uploads\/2026\/03\/DSC04880.jpg","datePublished":"2026-03-14T02:06:52+00:00","dateModified":"2026-04-03T16:13:20+00:00","description":"Meet the team at Taghazout Life Surf House, passionate locals and surfers dedicated to making your stay in Taghazout unforgettable.","breadcrumb":{"@id":"https:\/\/taghazoutlife.com\/the-team\/#breadcrumb"},"inLanguage":"fr-FR","potentialAction":[{"@type":"ReadAction","target":["https:\/\/taghazoutlife.com\/the-team\/"]}]},{"@type":"ImageObject","inLanguage":"fr-FR","@id":"https:\/\/taghazoutlife.com\/the-team\/#primaryimage","url":"https:\/\/taghazoutlife.com\/wp-content\/uploads\/2026\/03\/DSC04880.jpg","contentUrl":"https:\/\/taghazoutlife.com\/wp-content\/uploads\/2026\/03\/DSC04880.jpg","width":2000,"height":1333},{"@type":"BreadcrumbList","@id":"https:\/\/taghazoutlife.com\/the-team\/#breadcrumb","itemListElement":[{"@type":"ListItem","position":1,"name":"Home","item":"https:\/\/taghazoutlife.com\/"},{"@type":"ListItem","position":2,"name":"The Team"}]},{"@type":"WebSite","@id":"https:\/\/taghazoutlife.com\/#website","url":"https:\/\/taghazoutlife.com\/","name":"Taghazout Life Surf House","description":"Surf Camp &amp; Accommodation in Taghazout Morocco","publisher":{"@id":"https:\/\/taghazoutlife.com\/#organization"},"potentialAction":[{"@type":"SearchAction","target":{"@type":"EntryPoint","urlTemplate":"https:\/\/taghazoutlife.com\/?s={search_term_string}"},"query-input":{"@type":"PropertyValueSpecification","valueRequired":true,"valueName":"search_term_string"}}],"inLanguage":"fr-FR"},{"@type":"Organization","@id":"https:\/\/taghazoutlife.com\/#organization","name":"Taghazout Life Surf House","url":"https:\/\/taghazoutlife.com\/","logo":{"@type":"ImageObject","inLanguage":"fr-FR","@id":"https:\/\/taghazoutlife.com\/#\/schema\/logo\/image\/","url":"https:\/\/taghazoutlife.com\/wp-content\/uploads\/2026\/03\/logo-footer-black.png","contentUrl":"https:\/\/taghazoutlife.com\/wp-content\/uploads\/2026\/03\/logo-footer-black.png","width":512,"height":512,"caption":"Taghazout Life Surf House"},"image":{"@id":"https:\/\/taghazoutlife.com\/#\/schema\/logo\/image\/"}}]}},"_links":{"self":[{"href":"https:\/\/taghazoutlife.com\/fr\/wp-json\/wp\/v2\/pages\/10942","targetHints":{"allow":["GET"]}}],"collection":[{"href":"https:\/\/taghazoutlife.com\/fr\/wp-json\/wp\/v2\/pages"}],"about":[{"href":"https:\/\/taghazoutlife.com\/fr\/wp-json\/wp\/v2\/types\/page"}],"author":[{"embeddable":true,"href":"https:\/\/taghazoutlife.com\/fr\/wp-json\/wp\/v2\/users\/1"}],"replies":[{"embeddable":true,"href":"https:\/\/taghazoutlife.com\/fr\/wp-json\/wp\/v2\/comments?post=10942"}],"version-history":[{"count":55,"href":"https:\/\/taghazoutlife.com\/fr\/wp-json\/wp\/v2\/pages\/10942\/revisions"}],"predecessor-version":[{"id":11492,"href":"https:\/\/taghazoutlife.com\/fr\/wp-json\/wp\/v2\/pages\/10942\/revisions\/11492"}],"wp:featuredmedia":[{"embeddable":true,"href":"https:\/\/taghazoutlife.com\/fr\/wp-json\/wp\/v2\/media\/11223"}],"wp:attachment":[{"href":"https:\/\/taghazoutlife.com\/fr\/wp-json\/wp\/v2\/media?parent=10942"}],"curies":[{"name":"wp","href":"https:\/\/api.w.org\/{rel}","templated":true}]}}