{"id":10944,"date":"2026-03-14T03:07:29","date_gmt":"2026-03-14T02:07:29","guid":{"rendered":"https:\/\/taghazoutlife.com\/?page_id=10944"},"modified":"2026-03-24T01:34:08","modified_gmt":"2026-03-24T00:34:08","slug":"sustainability","status":"publish","type":"page","link":"https:\/\/taghazoutlife.com\/fr\/sustainability\/","title":{"rendered":"D\u00e9veloppement Durable"},"content":{"rendered":"<div class=\"wpb-content-wrapper\"><div data-vc-full-width=\"true\" data-vc-full-width-temp=\"true\" data-vc-full-width-init=\"false\" data-vc-stretch-content=\"true\" class=\"vc_row wpb_row vc_row-fluid vc_custom_1774303110961 vc_row-has-fill wd-rs-69c1b74c19584\"><div class=\"wpb_column vc_column_container vc_col-sm-12 wd-rs-69a63920f2ecd\"><div class=\"vc_column-inner vc_custom_1772501286463\"><div class=\"wpb_wrapper\">\n\t\t<div id=\"wd-69c15e196a836\" class=\"title-wrapper wd-wpb wd-set-mb reset-last-child  wd-rs-69c15e196a836 wd-title-color-white wd-title-style-default text-center vc_custom_1774280274267 wd-underline-colored\">\n\t\t\t\t\t\t\t\n\t\t\t\t<div class=\"title-subtitle  subtitle-color-white font-alt subtitle-style-default wd-font-weight-100 wd-fontsize-xs\">Bon pour vous, bon pour la plan\u00e8te<\/div>\n\t\t\t\n\t\t\t<div class=\"liner-continer\">\n\t\t\t\t<h1 class=\"woodmart-title-container title  wd-font-weight-100 wd-fontsize-l\" ><strong>D\u00c9VELOPPEMENT DURABLE<\/strong><\/h1>\n\t\t\t\t\t\t\t<\/div>\n\t\t\t\n\t\t\t\t\t\t\t<div class=\"title-after_title reset-last-child  wd-fontsize-xs\">Engag\u00e9s \u00e0 prot\u00e9ger la nature et notre communaut\u00e9<\/div>\n\t\t\t\n\t\t\t\n\t\t<\/div>\n\t\t\n\t\t\t\t\t<div id=\"wd-69a79a956401a\" class=\"wd-row-divider wd-69a79a956401a dvr-position-bottom dvr-style-sweet-wave dvr-overlap-enable\">\n\t\t\t\t<svg width=\"100%\" height=\"50px\" viewbox=\"0 0 1920 80\" xmlns=\"http:\/\/www.w3.org\/2000\/svg\" preserveaspectratio=\"none\">\n<path d=\"M0 20C0 20 169.5 0 510 0C850.5 0 1069.5 60 1410 60C1750.5 60 1920 20 1920 20V80H0V20Z\" \/>\n<\/svg>\n\t\t\t\t\t\t\t<\/div>\n\t\t<\/div><\/div><\/div><\/div><div class=\"vc_row-full-width vc_clearfix\"><\/div><section data-vc-full-width=\"true\" data-vc-full-width-temp=\"true\" data-vc-full-width-init=\"false\" class=\"vc_section vc_custom_1773503893531 vc_section-has-fill wd-bg-center-center mobile-bg-img-hidden wd-rs-69b5859041518\"><div class=\"vc_row wpb_row vc_row-fluid vc_row-o-content-middle vc_row-flex wd-rs-69b4c89670403\"><div class=\"wpb_column vc_column_container vc_col-sm-6\"><div class=\"vc_column-inner\"><div class=\"wpb_wrapper\">\n\t<div  class=\"wpb_single_image wpb_content_element vc_align_left\">\n\t\t\n\t\t<figure class=\"wpb_wrapper vc_figure\">\n\t\t\t<div class=\"vc_single_image-wrapper vc_box_rounded  vc_box_border_grey\"><img decoding=\"async\" class=\"vc_single_image-img\" src=\"https:\/\/taghazoutlife.com\/wp-content\/uploads\/2026\/03\/7816786578-600x400.jpg\" width=\"600\" height=\"400\" alt=\"7816786578\" title=\"7816786578\" loading=\"lazy\" \/><\/div>\n\t\t<\/figure>\n\t<\/div>\n<\/div><\/div><\/div><div class=\"wpb_column vc_column_container vc_col-sm-6\"><div class=\"vc_column-inner\"><div class=\"wpb_wrapper\">\n\t\t<div id=\"wd-69c16071a4765\" class=\"title-wrapper wd-wpb wd-set-mb reset-last-child  wd-rs-69c16071a4765 wd-title-color-default wd-title-style-default text-left  wd-underline-colored\">\n\t\t\t\n\t\t\t<div class=\"liner-continer\">\n\t\t\t\t<h4 class=\"woodmart-title-container title  wd-font-weight- wd-fontsize-l\" >Notre vision du tourisme responsable<\/h4>\n\t\t\t\t\t\t\t<\/div>\n\t\t\t\n\t\t\t\n\t\t\t\n\t\t<\/div>\n\t\t\n\t\t\n\t<div class=\"wpb_text_column wpb_content_element\" >\n\t\t<div class=\"wpb_wrapper\">\n\t\t\t<p>Chez Taghazout Life, nous souhaitons que chaque s\u00e9jour ait un impact positif sur nos h\u00f4tes, notre village et l'environnement.<br \/>\nNotre objectif est de g\u00e9rer un surf camp accueillant qui respecte l'oc\u00e9an, soutient les producteurs locaux et minimise les d\u00e9chets.<\/p>\n\n\t\t<\/div>\n\t<\/div>\n\n\t\t<div id=\"wd-69c15f7f9ffa2\" class=\"title-wrapper wd-wpb wd-set-mb reset-last-child  wd-rs-69c15f7f9ffa2 wd-title-color-default wd-title-style-default text-left  wd-underline-colored\">\n\t\t\t\n\t\t\t<div class=\"liner-continer\">\n\t\t\t\t<h4 class=\"woodmart-title-container title  wd-font-weight- wd-fontsize-l\" >Ce que le tourisme durable signifie pour Taghazout Life<\/h4>\n\t\t\t\t\t\t\t<\/div>\n\t\t\t\n\t\t\t\n\t\t\t\n\t\t<\/div>\n\t\t\n\t\t\n\t<div class=\"wpb_text_column wpb_content_element\" >\n\t\t<div class=\"wpb_wrapper\">\n\t\t\t<p>Pour nous, le tourisme durable signifie r\u00e9duire notre impact sur la nature tout en contribuant \u00e0 l'\u00e9conomie locale. Concr\u00e8tement, cela signifie privil\u00e9gier les produits locaux, proposer des options v\u00e9g\u00e9tales, \u00e9conomiser l'eau et l'\u00e9nergie, et mettre en place des gestes simples au quotidien, avec notre \u00e9quipe et nos clients.<\/p>\n\n\t\t<\/div>\n\t<\/div>\n<\/div><\/div><\/div><\/div><\/section><div class=\"vc_row-full-width vc_clearfix\"><\/div><section data-vc-full-width=\"true\" data-vc-full-width-temp=\"true\" data-vc-full-width-init=\"false\" class=\"vc_section vc_custom_1773503566334 vc_section-has-fill wd-rs-69b58446ecda8\"><div data-vc-full-width=\"true\" data-vc-full-width-temp=\"true\" data-vc-full-width-init=\"false\" data-vc-stretch-content=\"true\" class=\"vc_row wpb_row vc_row-fluid vc_row-no-padding wd-rs-611bc628bc967\"><div class=\"wpb_column vc_column_container vc_col-sm-12 wd-rs-611bc62c87069\"><div class=\"vc_column-inner vc_custom_1629210156898\"><div class=\"wpb_wrapper\">\t\t\t<div id=\"wd-69a79b26cbc11\" class=\"wd-row-divider wd-69a79b26cbc11 dvr-position-top dvr-style-sweet-wave\">\n\t\t\t\t<svg width=\"100%\" height=\"50px\" viewbox=\"0 0 1920 80\" xmlns=\"http:\/\/www.w3.org\/2000\/svg\" class=\"wd-divider\" preserveaspectratio=\"none\">\n<path class=\"elementor-shape-fill\" d=\"M1920,60s-169.5,20-510,20S850.5,20,510,20,0,60,0,60V0H1920Z\" \/>\n<\/svg>\n\t\t\t\t\t\t\t<\/div>\n\t\t<\/div><\/div><\/div><\/div><div class=\"vc_row-full-width vc_clearfix\"><\/div><div class=\"vc_row wpb_row vc_row-fluid vc_custom_1774281117430 wd-rs-69c161982cd5b\"><div class=\"wpb_column vc_column_container vc_col-sm-12\"><div class=\"vc_column-inner\"><div class=\"wpb_wrapper\">\n\t\t<div id=\"wd-69c16243653e4\" class=\"title-wrapper wd-wpb wd-set-mb reset-last-child  wd-rs-69c16243653e4 wd-title-color-default wd-title-style-simple text-center  wd-underline-colored\">\n\t\t\t\n\t\t\t<div class=\"liner-continer\">\n\t\t\t\t<h4 class=\"woodmart-title-container title  wd-font-weight- wd-fontsize-l\" >Ce que nous faisons<\/h4>\n\t\t\t\t\t\t\t<\/div>\n\t\t\t\n\t\t\t\n\t\t\t\n\t\t<\/div>\n\t\t\n\t\t<\/div><\/div><\/div><\/div><div class=\"vc_row wpb_row vc_row-fluid row-reverse-mobile wd-rs-69c1638ab9c8a\"><div class=\"wpb_column vc_column_container vc_col-sm-6\"><div class=\"vc_column-inner\"><div class=\"wpb_wrapper\">\n\t\t<div id=\"wd-69c1624895b8b\" class=\"title-wrapper wd-wpb wd-set-mb reset-last-child  wd-rs-69c1624895b8b wd-title-color-default wd-title-style-default text-left  wd-underline-colored\">\n\t\t\t\n\t\t\t<div class=\"liner-continer\">\n\t\t\t\t<h4 class=\"woodmart-title-container title  wd-font-weight- wd-fontsize-l\" >\u00c9nergie<\/h4>\n\t\t\t\t\t\t\t<\/div>\n\t\t\t\n\t\t\t\t\t\t\t<div class=\"title-after_title reset-last-child  wd-fontsize-xs\">Nous utilisons des ampoules LED et des panneaux solaires afin de r\u00e9duire notre consommation d'\u00e9nergie et notre impact environnemental. Nous encourageons \u00e9galement nos \u00e9quipes et nos clients \u00e0 \u00e9teindre les lumi\u00e8res et les appareils lorsqu'ils ne sont pas utilis\u00e9s.<\/div>\n\t\t\t\n\t\t\t\n\t\t<\/div>\n\t\t\n\t\t\n\t\t<div id=\"wd-69c162650d65a\" class=\"title-wrapper wd-wpb wd-set-mb reset-last-child  wd-rs-69c162650d65a wd-title-color-default wd-title-style-default text-left  wd-underline-colored\">\n\t\t\t\n\t\t\t<div class=\"liner-continer\">\n\t\t\t\t<h4 class=\"woodmart-title-container title  wd-font-weight- wd-fontsize-l\" >Eau<\/h4>\n\t\t\t\t\t\t\t<\/div>\n\t\t\t\n\t\t\t\t\t\t\t<div class=\"title-after_title reset-last-child  wd-fontsize-xs\">L'eau est une ressource pr\u00e9cieuse ici. Nous la filtrons afin que nos clients puissent remplir leurs gourdes directement \u00e0 l'auberge, ce qui r\u00e9duit consid\u00e9rablement le besoin en bouteilles en plastique.<\/div>\n\t\t\t\n\t\t\t\n\t\t<\/div>\n\t\t\n\t\t\n\t\t<div id=\"wd-69c16269b1660\" class=\"title-wrapper wd-wpb wd-set-mb reset-last-child  wd-rs-69c16269b1660 wd-title-color-default wd-title-style-default text-left  wd-underline-colored\">\n\t\t\t\n\t\t\t<div class=\"liner-continer\">\n\t\t\t\t<h4 class=\"woodmart-title-container title  wd-font-weight- wd-fontsize-l\" >Produits alimentaires et locaux<\/h4>\n\t\t\t\t\t\t\t<\/div>\n\t\t\t\n\t\t\t\t\t\t\t<div class=\"title-after_title reset-last-child  wd-fontsize-xs\">Dans la mesure du possible, nous privil\u00e9gions les ingr\u00e9dients frais provenant de producteurs locaux et proposons des options v\u00e9g\u00e9tales, soutenant ainsi l'\u00e9conomie villageoise tout en r\u00e9duisant notre empreinte \u00e9cologique.<\/div>\n\t\t\t\n\t\t\t\n\t\t<\/div>\n\t\t\n\t\t<\/div><\/div><\/div><div class=\"wpb_column vc_column_container vc_col-sm-6\"><div class=\"vc_column-inner\"><div class=\"wpb_wrapper\">\n\t\t<div id=\"wd-69c1626ebfb4a\" class=\"title-wrapper wd-wpb wd-set-mb reset-last-child  wd-rs-69c1626ebfb4a wd-title-color-default wd-title-style-default text-left  wd-underline-colored\">\n\t\t\t\n\t\t\t<div class=\"liner-continer\">\n\t\t\t\t<h4 class=\"woodmart-title-container title  wd-font-weight- wd-fontsize-l\" >R\u00e9duction des d\u00e9chets<\/h4>\n\t\t\t\t\t\t\t<\/div>\n\t\t\t\n\t\t\t\t\t\t\t<div class=\"title-after_title reset-last-child  wd-fontsize-xs\">Nous veillons \u00e0 limiter les d\u00e9chets dans nos activit\u00e9s quotidiennes en \u00e9vitant le plastique \u00e0 usage unique et en adoptant des habitudes plus responsables \u00e0 la maison. Chaque petit geste contribue \u00e0 pr\u00e9server la propret\u00e9 de Taghazout et de ses plages.<\/div>\n\t\t\t\n\t\t\t\n\t\t<\/div>\n\t\t\n\t\t\n\t\t<div id=\"wd-69c1629358493\" class=\"title-wrapper wd-wpb wd-set-mb reset-last-child  wd-rs-69c1629358493 wd-title-color-default wd-title-style-default text-left  wd-underline-colored\">\n\t\t\t\n\t\t\t<div class=\"liner-continer\">\n\t\t\t\t<h4 class=\"woodmart-title-container title  wd-font-weight- wd-fontsize-l\" >Engagement local et en faveur du bien-\u00eatre animal<\/h4>\n\t\t\t\t\t\t\t<\/div>\n\t\t\t\n\t\t\t\t\t\t\t<div class=\"title-after_title reset-last-child  wd-fontsize-xs\">La plupart des membres de notre \u00e9quipe sont originaires du village, ce qui contribue \u00e0 l'emploi local. Nous sommes \u00e9galement tr\u00e8s attach\u00e9s au bien-\u00eatre animal\u00a0: un chat recueilli vit d\u00e9sormais \u00e0 l'auberge et nous reversons une partie de nos fonds \u00e0 une association locale de protection animale.<\/div>\n\t\t\t\n\t\t\t\n\t\t<\/div>\n\t\t\n\t\t<\/div><\/div><\/div><\/div><div class=\"vc_row wpb_row vc_row-fluid vc_custom_1774281681559 wd-rs-69c163c07075f\"><div class=\"wpb_column vc_column_container vc_col-sm-12\"><div class=\"vc_column-inner\"><div class=\"wpb_wrapper\">\n\t\t<div id=\"wd-69c1636fdaaa4\" class=\"title-wrapper wd-wpb wd-set-mb reset-last-child  wd-rs-69c1636fdaaa4 wd-title-color-default wd-title-style-simple text-center  wd-underline-colored\">\n\t\t\t\n\t\t\t<div class=\"liner-continer\">\n\t\t\t\t<h4 class=\"woodmart-title-container title  wd-font-weight- wd-fontsize-l\" >Ce que nous faisons<\/h4>\n\t\t\t\t\t\t\t<\/div>\n\t\t\t\n\t\t\t\t\t\t\t<div class=\"title-after_title reset-last-child  wd-fontsize-xs\">\u2022 Apportez et utilisez une bouteille d'eau r\u00e9utilisable que vous pourrez remplir sur place.<br \/>\n\u2022 Veillez \u00e0 limiter la consommation d'eau et d'\u00e9lectricit\u00e9 pendant leur s\u00e9jour.<br \/>\n\u2022 Choisissez nos options de repas \u00e0 base de plantes chaque fois qu'ils le peuvent<br \/>\n\u2022 Participez aux nettoyages de plage que nous organisons avec des b\u00e9n\u00e9voles<br \/>\n\u2022 Respectez les animaux du village et, s\u2019ils le souhaitent, soutenez l\u2019association caritative avec laquelle nous collaborons.<\/div>\n\t\t\t\n\t\t\t\n\t\t<\/div>\n\t\t\n\t\t<\/div><\/div><\/div><\/div><div data-vc-full-width=\"true\" data-vc-full-width-temp=\"true\" data-vc-full-width-init=\"false\" data-vc-stretch-content=\"true\" class=\"vc_row wpb_row vc_row-fluid vc_row-no-padding\"><div class=\"wpb_column vc_column_container vc_col-sm-12\"><div class=\"vc_column-inner vc_custom_1564497848562\"><div class=\"wpb_wrapper\">\t\t\t<div id=\"wd-69b4ca0470ff2\" class=\"wd-row-divider wd-69b4ca0470ff2 dvr-position-bottom dvr-style-sweet-wave\">\n\t\t\t\t<svg width=\"100%\" height=\"50px\" viewbox=\"0 0 1920 80\" xmlns=\"http:\/\/www.w3.org\/2000\/svg\" preserveaspectratio=\"none\">\n<path d=\"M0 20C0 20 169.5 0 510 0C850.5 0 1069.5 60 1410 60C1750.5 60 1920 20 1920 20V80H0V20Z\" \/>\n<\/svg>\n\t\t\t\t\t\t\t<\/div>\n\t\t<\/div><\/div><\/div><\/div><div class=\"vc_row-full-width vc_clearfix\"><\/div><\/section><div class=\"vc_row-full-width vc_clearfix\"><\/div>\n<\/div>","protected":false},"excerpt":{"rendered":"Good for you, good for the planet SUSTAINABILITY Committed to protecting nature and our community Our vision of responsible tourism","protected":false},"author":1,"featured_media":11226,"parent":0,"menu_order":0,"comment_status":"closed","ping_status":"closed","template":"","meta":{"footnotes":""},"class_list":["post-10944","page","type-page","status-publish","has-post-thumbnail","hentry"],"yoast_head":"<!-- This site is optimized with the Yoast SEO plugin v27.4 - https:\/\/yoast.com\/product\/yoast-seo-wordpress\/ -->\n<title>Sustainability - Taghazout Life Surf House<\/title>\n<meta name=\"description\" content=\"Learn how Taghazout Life Surf House supports sustainable tourism, eco-friendly practices, and the local community in Taghazout, Morocco.\" \/>\n<meta name=\"robots\" content=\"index, follow, max-snippet:-1, max-image-preview:large, max-video-preview:-1\" \/>\n<link rel=\"canonical\" href=\"https:\/\/taghazoutlife.com\/fr\/sustainability\/\" \/>\n<meta property=\"og:locale\" content=\"fr_FR\" \/>\n<meta property=\"og:type\" content=\"article\" \/>\n<meta property=\"og:title\" content=\"Sustainability - Taghazout Life Surf House\" \/>\n<meta property=\"og:description\" content=\"Learn how Taghazout Life Surf House supports sustainable tourism, eco-friendly practices, and the local community in Taghazout, Morocco.\" \/>\n<meta property=\"og:url\" content=\"https:\/\/taghazoutlife.com\/fr\/sustainability\/\" \/>\n<meta property=\"og:site_name\" content=\"Taghazout Life Surf House\" \/>\n<meta property=\"article:modified_time\" content=\"2026-03-24T00:34:08+00:00\" \/>\n<meta property=\"og:image\" content=\"https:\/\/taghazoutlife.com\/wp-content\/uploads\/2026\/03\/IMG_2961.jpg\" \/>\n\t<meta property=\"og:image:width\" content=\"2000\" \/>\n\t<meta property=\"og:image:height\" content=\"1500\" \/>\n\t<meta property=\"og:image:type\" content=\"image\/jpeg\" \/>\n<meta name=\"twitter:card\" content=\"summary_large_image\" \/>\n<meta name=\"twitter:label1\" content=\"Dur\u00e9e de lecture estim\u00e9e\" \/>\n\t<meta name=\"twitter:data1\" content=\"4 minutes\" \/>\n<script type=\"application\/ld+json\" class=\"yoast-schema-graph\">{\"@context\":\"https:\\\/\\\/schema.org\",\"@graph\":[{\"@type\":\"WebPage\",\"@id\":\"https:\\\/\\\/taghazoutlife.com\\\/sustainability\\\/\",\"url\":\"https:\\\/\\\/taghazoutlife.com\\\/sustainability\\\/\",\"name\":\"Sustainability - Taghazout Life Surf House\",\"isPartOf\":{\"@id\":\"https:\\\/\\\/taghazoutlife.com\\\/#website\"},\"primaryImageOfPage\":{\"@id\":\"https:\\\/\\\/taghazoutlife.com\\\/sustainability\\\/#primaryimage\"},\"image\":{\"@id\":\"https:\\\/\\\/taghazoutlife.com\\\/sustainability\\\/#primaryimage\"},\"thumbnailUrl\":\"https:\\\/\\\/taghazoutlife.com\\\/wp-content\\\/uploads\\\/2026\\\/03\\\/IMG_2961.jpg\",\"datePublished\":\"2026-03-14T02:07:29+00:00\",\"dateModified\":\"2026-03-24T00:34:08+00:00\",\"description\":\"Learn how Taghazout Life Surf House supports sustainable tourism, eco-friendly practices, and the local community in Taghazout, Morocco.\",\"breadcrumb\":{\"@id\":\"https:\\\/\\\/taghazoutlife.com\\\/sustainability\\\/#breadcrumb\"},\"inLanguage\":\"fr-FR\",\"potentialAction\":[{\"@type\":\"ReadAction\",\"target\":[\"https:\\\/\\\/taghazoutlife.com\\\/sustainability\\\/\"]}]},{\"@type\":\"ImageObject\",\"inLanguage\":\"fr-FR\",\"@id\":\"https:\\\/\\\/taghazoutlife.com\\\/sustainability\\\/#primaryimage\",\"url\":\"https:\\\/\\\/taghazoutlife.com\\\/wp-content\\\/uploads\\\/2026\\\/03\\\/IMG_2961.jpg\",\"contentUrl\":\"https:\\\/\\\/taghazoutlife.com\\\/wp-content\\\/uploads\\\/2026\\\/03\\\/IMG_2961.jpg\",\"width\":2000,\"height\":1500},{\"@type\":\"BreadcrumbList\",\"@id\":\"https:\\\/\\\/taghazoutlife.com\\\/sustainability\\\/#breadcrumb\",\"itemListElement\":[{\"@type\":\"ListItem\",\"position\":1,\"name\":\"Home\",\"item\":\"https:\\\/\\\/taghazoutlife.com\\\/\"},{\"@type\":\"ListItem\",\"position\":2,\"name\":\"Sustainability\"}]},{\"@type\":\"WebSite\",\"@id\":\"https:\\\/\\\/taghazoutlife.com\\\/#website\",\"url\":\"https:\\\/\\\/taghazoutlife.com\\\/\",\"name\":\"Taghazout Life Surf House\",\"description\":\"Surf Camp &amp; Accommodation in Taghazout Morocco\",\"publisher\":{\"@id\":\"https:\\\/\\\/taghazoutlife.com\\\/#organization\"},\"potentialAction\":[{\"@type\":\"SearchAction\",\"target\":{\"@type\":\"EntryPoint\",\"urlTemplate\":\"https:\\\/\\\/taghazoutlife.com\\\/?s={search_term_string}\"},\"query-input\":{\"@type\":\"PropertyValueSpecification\",\"valueRequired\":true,\"valueName\":\"search_term_string\"}}],\"inLanguage\":\"fr-FR\"},{\"@type\":\"Organization\",\"@id\":\"https:\\\/\\\/taghazoutlife.com\\\/#organization\",\"name\":\"Taghazout Life Surf House\",\"url\":\"https:\\\/\\\/taghazoutlife.com\\\/\",\"logo\":{\"@type\":\"ImageObject\",\"inLanguage\":\"fr-FR\",\"@id\":\"https:\\\/\\\/taghazoutlife.com\\\/#\\\/schema\\\/logo\\\/image\\\/\",\"url\":\"https:\\\/\\\/taghazoutlife.com\\\/wp-content\\\/uploads\\\/2026\\\/03\\\/logo-footer-black.png\",\"contentUrl\":\"https:\\\/\\\/taghazoutlife.com\\\/wp-content\\\/uploads\\\/2026\\\/03\\\/logo-footer-black.png\",\"width\":512,\"height\":512,\"caption\":\"Taghazout Life Surf House\"},\"image\":{\"@id\":\"https:\\\/\\\/taghazoutlife.com\\\/#\\\/schema\\\/logo\\\/image\\\/\"}}]}<\/script>\n<!-- \/ Yoast SEO plugin. -->","yoast_head_json":{"title":"Sustainability - Taghazout Life Surf House","description":"Learn how Taghazout Life Surf House supports sustainable tourism, eco-friendly practices, and the local community in Taghazout, Morocco.","robots":{"index":"index","follow":"follow","max-snippet":"max-snippet:-1","max-image-preview":"max-image-preview:large","max-video-preview":"max-video-preview:-1"},"canonical":"https:\/\/taghazoutlife.com\/fr\/sustainability\/","og_locale":"fr_FR","og_type":"article","og_title":"Sustainability - Taghazout Life Surf House","og_description":"Learn how Taghazout Life Surf House supports sustainable tourism, eco-friendly practices, and the local community in Taghazout, Morocco.","og_url":"https:\/\/taghazoutlife.com\/fr\/sustainability\/","og_site_name":"Taghazout Life Surf House","article_modified_time":"2026-03-24T00:34:08+00:00","og_image":[{"width":2000,"height":1500,"url":"https:\/\/taghazoutlife.com\/wp-content\/uploads\/2026\/03\/IMG_2961.jpg","type":"image\/jpeg"}],"twitter_card":"summary_large_image","twitter_misc":{"Dur\u00e9e de lecture estim\u00e9e":"4 minutes"},"schema":{"@context":"https:\/\/schema.org","@graph":[{"@type":"WebPage","@id":"https:\/\/taghazoutlife.com\/sustainability\/","url":"https:\/\/taghazoutlife.com\/sustainability\/","name":"Sustainability - Taghazout Life Surf House","isPartOf":{"@id":"https:\/\/taghazoutlife.com\/#website"},"primaryImageOfPage":{"@id":"https:\/\/taghazoutlife.com\/sustainability\/#primaryimage"},"image":{"@id":"https:\/\/taghazoutlife.com\/sustainability\/#primaryimage"},"thumbnailUrl":"https:\/\/taghazoutlife.com\/wp-content\/uploads\/2026\/03\/IMG_2961.jpg","datePublished":"2026-03-14T02:07:29+00:00","dateModified":"2026-03-24T00:34:08+00:00","description":"Learn how Taghazout Life Surf House supports sustainable tourism, eco-friendly practices, and the local community in Taghazout, Morocco.","breadcrumb":{"@id":"https:\/\/taghazoutlife.com\/sustainability\/#breadcrumb"},"inLanguage":"fr-FR","potentialAction":[{"@type":"ReadAction","target":["https:\/\/taghazoutlife.com\/sustainability\/"]}]},{"@type":"ImageObject","inLanguage":"fr-FR","@id":"https:\/\/taghazoutlife.com\/sustainability\/#primaryimage","url":"https:\/\/taghazoutlife.com\/wp-content\/uploads\/2026\/03\/IMG_2961.jpg","contentUrl":"https:\/\/taghazoutlife.com\/wp-content\/uploads\/2026\/03\/IMG_2961.jpg","width":2000,"height":1500},{"@type":"BreadcrumbList","@id":"https:\/\/taghazoutlife.com\/sustainability\/#breadcrumb","itemListElement":[{"@type":"ListItem","position":1,"name":"Home","item":"https:\/\/taghazoutlife.com\/"},{"@type":"ListItem","position":2,"name":"Sustainability"}]},{"@type":"WebSite","@id":"https:\/\/taghazoutlife.com\/#website","url":"https:\/\/taghazoutlife.com\/","name":"Taghazout Life Surf House","description":"Surf Camp &amp; Accommodation in Taghazout Morocco","publisher":{"@id":"https:\/\/taghazoutlife.com\/#organization"},"potentialAction":[{"@type":"SearchAction","target":{"@type":"EntryPoint","urlTemplate":"https:\/\/taghazoutlife.com\/?s={search_term_string}"},"query-input":{"@type":"PropertyValueSpecification","valueRequired":true,"valueName":"search_term_string"}}],"inLanguage":"fr-FR"},{"@type":"Organization","@id":"https:\/\/taghazoutlife.com\/#organization","name":"Taghazout Life Surf House","url":"https:\/\/taghazoutlife.com\/","logo":{"@type":"ImageObject","inLanguage":"fr-FR","@id":"https:\/\/taghazoutlife.com\/#\/schema\/logo\/image\/","url":"https:\/\/taghazoutlife.com\/wp-content\/uploads\/2026\/03\/logo-footer-black.png","contentUrl":"https:\/\/taghazoutlife.com\/wp-content\/uploads\/2026\/03\/logo-footer-black.png","width":512,"height":512,"caption":"Taghazout Life Surf House"},"image":{"@id":"https:\/\/taghazoutlife.com\/#\/schema\/logo\/image\/"}}]}},"_links":{"self":[{"href":"https:\/\/taghazoutlife.com\/fr\/wp-json\/wp\/v2\/pages\/10944","targetHints":{"allow":["GET"]}}],"collection":[{"href":"https:\/\/taghazoutlife.com\/fr\/wp-json\/wp\/v2\/pages"}],"about":[{"href":"https:\/\/taghazoutlife.com\/fr\/wp-json\/wp\/v2\/types\/page"}],"author":[{"embeddable":true,"href":"https:\/\/taghazoutlife.com\/fr\/wp-json\/wp\/v2\/users\/1"}],"replies":[{"embeddable":true,"href":"https:\/\/taghazoutlife.com\/fr\/wp-json\/wp\/v2\/comments?post=10944"}],"version-history":[{"count":18,"href":"https:\/\/taghazoutlife.com\/fr\/wp-json\/wp\/v2\/pages\/10944\/revisions"}],"predecessor-version":[{"id":11290,"href":"https:\/\/taghazoutlife.com\/fr\/wp-json\/wp\/v2\/pages\/10944\/revisions\/11290"}],"wp:featuredmedia":[{"embeddable":true,"href":"https:\/\/taghazoutlife.com\/fr\/wp-json\/wp\/v2\/media\/11226"}],"wp:attachment":[{"href":"https:\/\/taghazoutlife.com\/fr\/wp-json\/wp\/v2\/media?parent=10944"}],"curies":[{"name":"wp","href":"https:\/\/api.w.org\/{rel}","templated":true}]}}