{"id":10946,"date":"2026-03-14T03:08:09","date_gmt":"2026-03-14T02:08:09","guid":{"rendered":"https:\/\/taghazoutlife.com\/?page_id=10946"},"modified":"2026-04-03T16:00:26","modified_gmt":"2026-04-03T15:00:26","slug":"activities","status":"publish","type":"page","link":"https:\/\/taghazoutlife.com\/fr\/activities\/","title":{"rendered":"Activit\u00e9s"},"content":{"rendered":"<div class=\"wpb-content-wrapper\"><div data-vc-full-width=\"true\" data-vc-full-width-temp=\"true\" data-vc-full-width-init=\"false\" data-vc-stretch-content=\"true\" class=\"vc_row wpb_row vc_row-fluid vc_custom_1773539092076 vc_row-has-fill wd-rs-69b60f0a4df00\"><div class=\"wpb_column vc_column_container vc_col-sm-12 wd-rs-69a63920f2ecd\"><div class=\"vc_column-inner vc_custom_1772501286463\"><div class=\"wpb_wrapper\">\n\t\t<div id=\"wd-69cfb9a769e63\" class=\"title-wrapper wd-wpb wd-set-mb reset-last-child  wd-rs-69cfb9a769e63 wd-title-color-white wd-title-style-default text-center vc_custom_1775221172632 wd-underline-colored\">\n\t\t\t\t\t\t\t\n\t\t\t\t<div class=\"title-subtitle  subtitle-color-white font-alt subtitle-style-default wd-font-weight-100 wd-fontsize-xs\">Aventure, surf et bonne humeur<\/div>\n\t\t\t\n\t\t\t<div class=\"liner-continer\">\n\t\t\t\t<h1 class=\"woodmart-title-container title  wd-font-weight-100 wd-fontsize-l\" ><strong>NOS ACTIVIT\u00c9S<\/strong><\/h1>\n\t\t\t\t\t\t\t<\/div>\n\t\t\t\n\t\t\t\t\t\t\t<div class=\"title-after_title reset-last-child  wd-fontsize-xs\">Du surf aux excursions dans le d\u00e9sert, nous organisons des activit\u00e9s pour rendre votre s\u00e9jour passionnant et m\u00e9morable.<\/div>\n\t\t\t\n\t\t\t\n\t\t<\/div>\n\t\t\n\t\t\t\t\t<div id=\"wd-69a79a956401a\" class=\"wd-row-divider wd-69a79a956401a dvr-position-bottom dvr-style-sweet-wave dvr-overlap-enable\">\n\t\t\t\t<svg width=\"100%\" height=\"50px\" viewbox=\"0 0 1920 80\" xmlns=\"http:\/\/www.w3.org\/2000\/svg\" preserveaspectratio=\"none\">\n<path d=\"M0 20C0 20 169.5 0 510 0C850.5 0 1069.5 60 1410 60C1750.5 60 1920 20 1920 20V80H0V20Z\" \/>\n<\/svg>\n\t\t\t\t\t\t\t<\/div>\n\t\t<\/div><\/div><\/div><\/div><div class=\"vc_row-full-width vc_clearfix\"><\/div><section data-vc-full-width=\"true\" data-vc-full-width-temp=\"true\" data-vc-full-width-init=\"false\" class=\"vc_section vc_custom_1773503893531 vc_section-has-fill wd-bg-center-center mobile-bg-img-hidden wd-rs-69b5859041518\"><div class=\"vc_row wpb_row vc_row-fluid vc_row-o-content-middle vc_row-flex wd-rs-69b4c89670403\"><div class=\"wpb_column vc_column_container vc_col-sm-6\"><div class=\"vc_column-inner\"><div class=\"wpb_wrapper\">\t\t<div id=\"gallery_118\" class=\"wd-images-gallery wd-wpb wd-rs-69cfd4acd9955 photoswipe-images wd-carousel-container wd-wpb\" style=\"--wd-justify-content:center;--wd-align-items:center;\">\n\t\t\t\t\t\t\t<div class=\"wd-carousel-inner\">\n\t\t\t\n\t\t\t<div class=\"wd-carousel wd-grid\"data-scroll_per_page=\"yes\" style=\"--wd-col-lg:1;--wd-col-md:1;--wd-col-sm:1;--wd-gap-lg:0px;\">\n\t\t\t\t\t\t\t\t\t<div class=\"wd-carousel-wrap\">\n\t\t\t\t\n\t\t\t\t\t\t\t\t\t\t\t\t\t\t\t<div class=\"wd-gallery-item wd-carousel-item\">\n\t\t\t\t\t\t\t\t\t\t\t\t\t\t<a href=\"https:\/\/taghazoutlife.com\/wp-content\/uploads\/2026\/03\/7816786578.jpg\" data-elementor-open-lightbox=\"no\" data-index=\"1\" data-width=\"1600\" data-height=\"1067\" \n\t\t\t\t\t\t\t\t\t\t\t\t\t\t\t\t\t\t\t\t>\n\t\t\t\t\t\t\t\t\n\t\t\t\t\t\t\t\t<img loading=\"lazy\" decoding=\"async\" width=\"900\" height=\"750\" src=\"https:\/\/taghazoutlife.com\/wp-content\/uploads\/2026\/03\/7816786578-900x750.jpg\" class=\"wd-gallery-image image-1\" alt=\"\" \/>\n\t\t\t\t\t\t\t\t\t\t\t\t\t\t\t<\/a>\n\t\t\t\t\t\t\t\t\t\t\t\t<\/div>\n\t\t\t\t\t\t\t\t\t\t\t<div class=\"wd-gallery-item wd-carousel-item\">\n\t\t\t\t\t\t\t\t\t\t\t\t\t\t<a href=\"https:\/\/taghazoutlife.com\/wp-content\/uploads\/2026\/04\/781963178318796.jpg\" data-elementor-open-lightbox=\"no\" data-index=\"2\" data-width=\"1600\" data-height=\"1067\" \n\t\t\t\t\t\t\t\t\t\t\t\t\t\t\t\t\t\t\t\t>\n\t\t\t\t\t\t\t\t\n\t\t\t\t\t\t\t\t<img loading=\"lazy\" decoding=\"async\" width=\"900\" height=\"750\" src=\"https:\/\/taghazoutlife.com\/wp-content\/uploads\/2026\/04\/781963178318796-900x750.jpg\" class=\"wd-gallery-image image-2\" alt=\"\" \/>\n\t\t\t\t\t\t\t\t\t\t\t\t\t\t\t<\/a>\n\t\t\t\t\t\t\t\t\t\t\t\t<\/div>\n\t\t\t\t\t\t\t\t\t\t\t<div class=\"wd-gallery-item wd-carousel-item\">\n\t\t\t\t\t\t\t\t\t\t\t\t\t\t<a href=\"https:\/\/taghazoutlife.com\/wp-content\/uploads\/2026\/04\/7178561758.jpg\" data-elementor-open-lightbox=\"no\" data-index=\"3\" data-width=\"1368\" data-height=\"859\" \n\t\t\t\t\t\t\t\t\t\t\t\t\t\t\t\t\t\t\t\t>\n\t\t\t\t\t\t\t\t\n\t\t\t\t\t\t\t\t<img loading=\"lazy\" decoding=\"async\" width=\"900\" height=\"750\" src=\"https:\/\/taghazoutlife.com\/wp-content\/uploads\/2026\/04\/7178561758-900x750.jpg\" class=\"wd-gallery-image image-3\" alt=\"\" \/>\n\t\t\t\t\t\t\t\t\t\t\t\t\t\t\t<\/a>\n\t\t\t\t\t\t\t\t\t\t\t\t<\/div>\n\t\t\t\t\t\t\t\t\t\t\t<div class=\"wd-gallery-item wd-carousel-item\">\n\t\t\t\t\t\t\t\t\t\t\t\t\t\t<a href=\"https:\/\/taghazoutlife.com\/wp-content\/uploads\/2026\/04\/6317817852.webp\" data-elementor-open-lightbox=\"no\" data-index=\"4\" data-width=\"2048\" data-height=\"1365\" \n\t\t\t\t\t\t\t\t\t\t\t\t\t\t\t\t\t\t\t\t>\n\t\t\t\t\t\t\t\t\n\t\t\t\t\t\t\t\t<img loading=\"lazy\" decoding=\"async\" width=\"900\" height=\"750\" src=\"https:\/\/taghazoutlife.com\/wp-content\/uploads\/2026\/04\/6317817852-900x750.webp\" class=\"wd-gallery-image image-4\" alt=\"\" \/>\n\t\t\t\t\t\t\t\t\t\t\t\t\t\t\t<\/a>\n\t\t\t\t\t\t\t\t\t\t\t\t<\/div>\n\t\t\t\t\t\t\t\t\t\t\t<div class=\"wd-gallery-item wd-carousel-item\">\n\t\t\t\t\t\t\t\t\t\t\t\t\t\t<a href=\"https:\/\/taghazoutlife.com\/wp-content\/uploads\/2026\/04\/78563178963185.webp\" data-elementor-open-lightbox=\"no\" data-index=\"5\" data-width=\"1505\" data-height=\"1000\" \n\t\t\t\t\t\t\t\t\t\t\t\t\t\t\t\t\t\t\t\t>\n\t\t\t\t\t\t\t\t\n\t\t\t\t\t\t\t\t<img loading=\"lazy\" decoding=\"async\" width=\"900\" height=\"750\" src=\"https:\/\/taghazoutlife.com\/wp-content\/uploads\/2026\/04\/78563178963185-900x750.webp\" class=\"wd-gallery-image image-5\" alt=\"\" \/>\n\t\t\t\t\t\t\t\t\t\t\t\t\t\t\t<\/a>\n\t\t\t\t\t\t\t\t\t\t\t\t<\/div>\n\t\t\t\t\t\t\t\t\t\n\t\t\t\t\t\t\t\t\t<\/div>\n\t\t\t\t\t\t\t<\/div>\n\n\t\t\t\t\t\t\t\t\t\t\t\t\t\t<div class=\"wd-nav-arrows wd-pos-sep wd-hover-1 wd-icon-1\">\n\t\t\t<div class=\"wd-btn-arrow wd-prev wd-disabled\">\n\t\t\t\t<div class=\"wd-arrow-inner\"><\/div>\n\t\t\t<\/div>\n\t\t\t<div class=\"wd-btn-arrow wd-next\">\n\t\t\t\t<div class=\"wd-arrow-inner\"><\/div>\n\t\t\t<\/div>\n\t\t<\/div>\n\t\t\t\t\t\t\n\t\t\t\t<\/div>\n\n\t\t\t\t\t\t<div class=\"wd-nav-pagin-wrap text-center wd-style-shape wd-hide-md-sm wd-hide-sm\">\n\t\t\t<ul class=\"wd-nav-pagin\"><\/ul>\n\t\t<\/div>\n\t\t\t\t\t\t\t\t\t\t\t<\/div>\n\t\t<\/div><\/div><\/div><div class=\"wpb_column vc_column_container vc_col-sm-6\"><div class=\"vc_column-inner\"><div class=\"wpb_wrapper\">\n\t\t<div id=\"wd-69b60e3f82801\" class=\"title-wrapper wd-wpb wd-set-mb reset-last-child  wd-rs-69b60e3f82801 wd-title-color-default wd-title-style-simple text-left  wd-underline-colored\">\n\t\t\t\t\t\t\t\n\t\t\t\t<div class=\"title-subtitle  subtitle-color-default font-default subtitle-style-default wd-font-weight- wd-fontsize-xs\">\u00e9vasion d'oasis<\/div>\n\t\t\t\n\t\t\t<div class=\"liner-continer\">\n\t\t\t\t<h2 class=\"woodmart-title-container title  wd-font-weight- wd-fontsize-l\" >AVENTURE DANS LA VALL\u00c9E DU PARADIS<\/h2>\n\t\t\t\t\t\t\t<\/div>\n\t\t\t\n\t\t\t\n\t\t\t\n\t\t<\/div>\n\t\t\n\t\t\n\t<div class=\"wpb_text_column wpb_content_element vc_custom_1773539265767\" >\n\t\t<div class=\"wpb_wrapper\">\n\t\t\t<p>Partez \u00e0 la d\u00e9couverte du c\u0153ur des montagnes de l'Atlas et de la Vall\u00e9e du Paradis, une oasis cach\u00e9e aux portes de Taghazout. Baignez-vous dans des piscines naturelles aux eaux cristallines, randonnez \u00e0 travers les palmeraies et d\u00e9tendez-vous sous le soleil marocain, entour\u00e9 de falaises \u00e0 couper le souffle. Un parfait m\u00e9lange d'aventure et de tranquillit\u00e9, une exp\u00e9rience incontournable pour les amoureux de la nature.<\/p>\n\n\t\t<\/div>\n\t<\/div>\n<div id=\"wd-69c1b7a8ad6ff\" class=\"wd-rs-69c1b7a8ad6ff  wd-button-wrapper text-left\"><a href=\"https:\/\/taghazoutlife.com\/fr\/contact-us\/\" title=\"Contact\" class=\"btn btn-style-default btn-shape-semi-round btn-size-large btn-icon-pos-right\">Contact<span class=\"wd-btn-icon\"><span class=\"wd-icon fa fa-solid fa-arrow-right-long\"><\/span><\/span><\/a><\/div><\/div><\/div><\/div><\/div><\/section><div class=\"vc_row-full-width vc_clearfix\"><\/div><section data-vc-full-width=\"true\" data-vc-full-width-temp=\"true\" data-vc-full-width-init=\"false\" class=\"vc_section vc_custom_1773503566334 vc_section-has-fill wd-rs-69b58446ecda8\"><div data-vc-full-width=\"true\" data-vc-full-width-temp=\"true\" data-vc-full-width-init=\"false\" data-vc-stretch-content=\"true\" class=\"vc_row wpb_row vc_row-fluid vc_row-no-padding wd-rs-611bc628bc967\"><div class=\"wpb_column vc_column_container vc_col-sm-12 wd-rs-611bc62c87069\"><div class=\"vc_column-inner vc_custom_1629210156898\"><div class=\"wpb_wrapper\">\t\t\t<div id=\"wd-69a79b26cbc11\" class=\"wd-row-divider wd-69a79b26cbc11 dvr-position-top dvr-style-sweet-wave\">\n\t\t\t\t<svg width=\"100%\" height=\"50px\" viewbox=\"0 0 1920 80\" xmlns=\"http:\/\/www.w3.org\/2000\/svg\" class=\"wd-divider\" preserveaspectratio=\"none\">\n<path class=\"elementor-shape-fill\" d=\"M1920,60s-169.5,20-510,20S850.5,20,510,20,0,60,0,60V0H1920Z\" \/>\n<\/svg>\n\t\t\t\t\t\t\t<\/div>\n\t\t<\/div><\/div><\/div><\/div><div class=\"vc_row-full-width vc_clearfix\"><\/div><div class=\"vc_row wpb_row vc_row-fluid vc_custom_1773503678296 vc_row-o-content-middle vc_row-flex row-reverse-mobile wd-rs-69b584b3103ca\"><div class=\"wpb_column vc_column_container vc_col-sm-6\"><div class=\"vc_column-inner\"><div class=\"wpb_wrapper\">\n\t\t<div id=\"wd-69b60e5f6df34\" class=\"title-wrapper wd-wpb wd-set-mb reset-last-child  wd-rs-69b60e5f6df34 wd-title-color-default wd-title-style-simple text-left  wd-underline-colored\">\n\t\t\t\t\t\t\t\n\t\t\t\t<div class=\"title-subtitle  subtitle-color-default font-default subtitle-style-default wd-font-weight- wd-fontsize-xs\">vues sur le d\u00e9sert dor\u00e9<\/div>\n\t\t\t\n\t\t\t<div class=\"liner-continer\">\n\t\t\t\t<h2 class=\"woodmart-title-container title  wd-font-weight- wd-fontsize-l\" >DUNES DE SABLE DE TIMLALINE<\/h2>\n\t\t\t\t\t\t\t<\/div>\n\t\t\t\n\t\t\t\n\t\t\t\n\t\t<\/div>\n\t\t\n\t\t\n\t<div class=\"wpb_text_column wpb_content_element vc_custom_1773539272501\" >\n\t\t<div class=\"wpb_wrapper\">\n\t\t\t<p>\u00c0 quelques minutes de route de Taghazout se trouvent les magnifiques dunes de Timlaline, l\u00e0 o\u00f9 le d\u00e9sert rencontre l'oc\u00e9an. Admirez le coucher de soleil qui embrase le ciel de teintes chaudes, explorez les dunes de sable dor\u00e9 ondulantes et profitez du calme absolu, loin de la foule. Que ce soit pour une promenade ou une s\u00e9ance photo, les dunes offrent une escapade magique et inoubliable.<\/p>\n\n\t\t<\/div>\n\t<\/div>\n<div id=\"wd-69c1b7a8ad6ff\" class=\"wd-rs-69c1b7a8ad6ff  wd-button-wrapper text-left\"><a href=\"https:\/\/taghazoutlife.com\/fr\/contact-us\/\" title=\"Contact\" class=\"btn btn-style-default btn-shape-semi-round btn-size-large btn-icon-pos-right\">Contact<span class=\"wd-btn-icon\"><span class=\"wd-icon fa fa-solid fa-arrow-right-long\"><\/span><\/span><\/a><\/div><\/div><\/div><\/div><div class=\"wpb_column vc_column_container vc_col-sm-6\"><div class=\"vc_column-inner\"><div class=\"wpb_wrapper\">\t\t<div id=\"gallery_883\" class=\"wd-images-gallery wd-wpb wd-rs-69cfd50bd67bd photoswipe-images wd-carousel-container wd-wpb\" style=\"--wd-justify-content:center;--wd-align-items:center;\">\n\t\t\t\t\t\t\t<div class=\"wd-carousel-inner\">\n\t\t\t\n\t\t\t<div class=\"wd-carousel wd-grid\"data-scroll_per_page=\"yes\" style=\"--wd-col-lg:1;--wd-col-md:1;--wd-col-sm:1;--wd-gap-lg:0px;\">\n\t\t\t\t\t\t\t\t\t<div class=\"wd-carousel-wrap\">\n\t\t\t\t\n\t\t\t\t\t\t\t\t\t\t\t\t\t\t\t<div class=\"wd-gallery-item wd-carousel-item\">\n\t\t\t\t\t\t\t\t\t\t\t\t\t\t<a href=\"https:\/\/taghazoutlife.com\/wp-content\/uploads\/2026\/03\/8791678525.jpg\" data-elementor-open-lightbox=\"no\" data-index=\"1\" data-width=\"2048\" data-height=\"1806\" \n\t\t\t\t\t\t\t\t\t\t\t\t\t\t\t\t\t\t\t\t>\n\t\t\t\t\t\t\t\t\n\t\t\t\t\t\t\t\t<img loading=\"lazy\" decoding=\"async\" width=\"900\" height=\"750\" src=\"https:\/\/taghazoutlife.com\/wp-content\/uploads\/2026\/03\/8791678525-900x750.jpg\" class=\"wd-gallery-image image-1\" alt=\"\" srcset=\"https:\/\/taghazoutlife.com\/wp-content\/uploads\/2026\/03\/8791678525-900x750.jpg 900w, https:\/\/taghazoutlife.com\/wp-content\/uploads\/2026\/03\/8791678525-14x12.jpg 14w\" sizes=\"auto, (max-width: 900px) 100vw, 900px\" \/>\n\t\t\t\t\t\t\t\t\t\t\t\t\t\t\t<\/a>\n\t\t\t\t\t\t\t\t\t\t\t\t<\/div>\n\t\t\t\t\t\t\t\t\t\t\t<div class=\"wd-gallery-item wd-carousel-item\">\n\t\t\t\t\t\t\t\t\t\t\t\t\t\t<a href=\"https:\/\/taghazoutlife.com\/wp-content\/uploads\/2026\/04\/574862786557.jpg\" data-elementor-open-lightbox=\"no\" data-index=\"2\" data-width=\"2560\" data-height=\"1707\" \n\t\t\t\t\t\t\t\t\t\t\t\t\t\t\t\t\t\t\t\t>\n\t\t\t\t\t\t\t\t\n\t\t\t\t\t\t\t\t<img loading=\"lazy\" decoding=\"async\" width=\"900\" height=\"750\" src=\"https:\/\/taghazoutlife.com\/wp-content\/uploads\/2026\/04\/574862786557-900x750.jpg\" class=\"wd-gallery-image image-2\" alt=\"\" \/>\n\t\t\t\t\t\t\t\t\t\t\t\t\t\t\t<\/a>\n\t\t\t\t\t\t\t\t\t\t\t\t<\/div>\n\t\t\t\t\t\t\t\t\t\t\t<div class=\"wd-gallery-item wd-carousel-item\">\n\t\t\t\t\t\t\t\t\t\t\t\t\t\t<a href=\"https:\/\/taghazoutlife.com\/wp-content\/uploads\/2026\/04\/456327896728.jpg\" data-elementor-open-lightbox=\"no\" data-index=\"3\" data-width=\"1585\" data-height=\"792\" \n\t\t\t\t\t\t\t\t\t\t\t\t\t\t\t\t\t\t\t\t>\n\t\t\t\t\t\t\t\t\n\t\t\t\t\t\t\t\t<img loading=\"lazy\" decoding=\"async\" width=\"900\" height=\"750\" src=\"https:\/\/taghazoutlife.com\/wp-content\/uploads\/2026\/04\/456327896728-900x750.jpg\" class=\"wd-gallery-image image-3\" alt=\"\" \/>\n\t\t\t\t\t\t\t\t\t\t\t\t\t\t\t<\/a>\n\t\t\t\t\t\t\t\t\t\t\t\t<\/div>\n\t\t\t\t\t\t\t\t\t\n\t\t\t\t\t\t\t\t\t<\/div>\n\t\t\t\t\t\t\t<\/div>\n\n\t\t\t\t\t\t\t\t\t\t\t\t\t\t<div class=\"wd-nav-arrows wd-pos-sep wd-hover-1 wd-icon-1\">\n\t\t\t<div class=\"wd-btn-arrow wd-prev wd-disabled\">\n\t\t\t\t<div class=\"wd-arrow-inner\"><\/div>\n\t\t\t<\/div>\n\t\t\t<div class=\"wd-btn-arrow wd-next\">\n\t\t\t\t<div class=\"wd-arrow-inner\"><\/div>\n\t\t\t<\/div>\n\t\t<\/div>\n\t\t\t\t\t\t\n\t\t\t\t<\/div>\n\n\t\t\t\t\t\t<div class=\"wd-nav-pagin-wrap text-center wd-style-shape wd-hide-md-sm wd-hide-sm\">\n\t\t\t<ul class=\"wd-nav-pagin\"><\/ul>\n\t\t<\/div>\n\t\t\t\t\t\t\t\t\t\t\t<\/div>\n\t\t<\/div><\/div><\/div><\/div><div data-vc-full-width=\"true\" data-vc-full-width-temp=\"true\" data-vc-full-width-init=\"false\" data-vc-stretch-content=\"true\" class=\"vc_row wpb_row vc_row-fluid vc_row-no-padding\"><div class=\"wpb_column vc_column_container vc_col-sm-12\"><div class=\"vc_column-inner vc_custom_1564497848562\"><div class=\"wpb_wrapper\">\t\t\t<div id=\"wd-69b4ca0470ff2\" class=\"wd-row-divider wd-69b4ca0470ff2 dvr-position-bottom dvr-style-sweet-wave\">\n\t\t\t\t<svg width=\"100%\" height=\"50px\" viewbox=\"0 0 1920 80\" xmlns=\"http:\/\/www.w3.org\/2000\/svg\" preserveaspectratio=\"none\">\n<path d=\"M0 20C0 20 169.5 0 510 0C850.5 0 1069.5 60 1410 60C1750.5 60 1920 20 1920 20V80H0V20Z\" \/>\n<\/svg>\n\t\t\t\t\t\t\t<\/div>\n\t\t<\/div><\/div><\/div><\/div><div class=\"vc_row-full-width vc_clearfix\"><\/div><\/section><div class=\"vc_row-full-width vc_clearfix\"><\/div>\n<\/div>","protected":false},"excerpt":{"rendered":"Adventure, surf, and good vibes OUR ACTIVITIES From surfing to desert trips, we organize activities to make your stay exciting","protected":false},"author":1,"featured_media":11068,"parent":0,"menu_order":0,"comment_status":"closed","ping_status":"closed","template":"","meta":{"footnotes":""},"class_list":["post-10946","page","type-page","status-publish","has-post-thumbnail","hentry"],"yoast_head":"<!-- This site is optimized with the Yoast SEO plugin v27.4 - https:\/\/yoast.com\/product\/yoast-seo-wordpress\/ -->\n<title>Activities - Taghazout Life Surf House<\/title>\n<meta name=\"description\" content=\"Discover activities at Taghazout Life Surf House, including surfing, yoga, trips, and adventures for an unforgettable stay.\" \/>\n<meta name=\"robots\" content=\"index, follow, max-snippet:-1, max-image-preview:large, max-video-preview:-1\" \/>\n<link rel=\"canonical\" href=\"https:\/\/taghazoutlife.com\/fr\/activities\/\" \/>\n<meta property=\"og:locale\" content=\"fr_FR\" \/>\n<meta property=\"og:type\" content=\"article\" \/>\n<meta property=\"og:title\" content=\"Activities - Taghazout Life Surf House\" \/>\n<meta property=\"og:description\" content=\"Discover activities at Taghazout Life Surf House, including surfing, yoga, trips, and adventures for an unforgettable stay.\" \/>\n<meta property=\"og:url\" content=\"https:\/\/taghazoutlife.com\/fr\/activities\/\" \/>\n<meta property=\"og:site_name\" content=\"Taghazout Life Surf House\" \/>\n<meta property=\"article:modified_time\" content=\"2026-04-03T15:00:26+00:00\" \/>\n<meta property=\"og:image\" content=\"https:\/\/taghazoutlife.com\/wp-content\/uploads\/2026\/03\/7816786578.jpg\" \/>\n\t<meta property=\"og:image:width\" content=\"1600\" \/>\n\t<meta property=\"og:image:height\" content=\"1067\" \/>\n\t<meta property=\"og:image:type\" content=\"image\/jpeg\" \/>\n<meta name=\"twitter:card\" content=\"summary_large_image\" \/>\n<meta name=\"twitter:label1\" content=\"Dur\u00e9e de lecture estim\u00e9e\" \/>\n\t<meta name=\"twitter:data1\" content=\"5 minutes\" \/>\n<script type=\"application\/ld+json\" class=\"yoast-schema-graph\">{\"@context\":\"https:\\\/\\\/schema.org\",\"@graph\":[{\"@type\":\"WebPage\",\"@id\":\"https:\\\/\\\/taghazoutlife.com\\\/activities\\\/\",\"url\":\"https:\\\/\\\/taghazoutlife.com\\\/activities\\\/\",\"name\":\"Activities - Taghazout Life Surf House\",\"isPartOf\":{\"@id\":\"https:\\\/\\\/taghazoutlife.com\\\/#website\"},\"primaryImageOfPage\":{\"@id\":\"https:\\\/\\\/taghazoutlife.com\\\/activities\\\/#primaryimage\"},\"image\":{\"@id\":\"https:\\\/\\\/taghazoutlife.com\\\/activities\\\/#primaryimage\"},\"thumbnailUrl\":\"https:\\\/\\\/taghazoutlife.com\\\/wp-content\\\/uploads\\\/2026\\\/03\\\/7816786578.jpg\",\"datePublished\":\"2026-03-14T02:08:09+00:00\",\"dateModified\":\"2026-04-03T15:00:26+00:00\",\"description\":\"Discover activities at Taghazout Life Surf House, including surfing, yoga, trips, and adventures for an unforgettable stay.\",\"breadcrumb\":{\"@id\":\"https:\\\/\\\/taghazoutlife.com\\\/activities\\\/#breadcrumb\"},\"inLanguage\":\"fr-FR\",\"potentialAction\":[{\"@type\":\"ReadAction\",\"target\":[\"https:\\\/\\\/taghazoutlife.com\\\/activities\\\/\"]}]},{\"@type\":\"ImageObject\",\"inLanguage\":\"fr-FR\",\"@id\":\"https:\\\/\\\/taghazoutlife.com\\\/activities\\\/#primaryimage\",\"url\":\"https:\\\/\\\/taghazoutlife.com\\\/wp-content\\\/uploads\\\/2026\\\/03\\\/7816786578.jpg\",\"contentUrl\":\"https:\\\/\\\/taghazoutlife.com\\\/wp-content\\\/uploads\\\/2026\\\/03\\\/7816786578.jpg\",\"width\":1600,\"height\":1067},{\"@type\":\"BreadcrumbList\",\"@id\":\"https:\\\/\\\/taghazoutlife.com\\\/activities\\\/#breadcrumb\",\"itemListElement\":[{\"@type\":\"ListItem\",\"position\":1,\"name\":\"Home\",\"item\":\"https:\\\/\\\/taghazoutlife.com\\\/\"},{\"@type\":\"ListItem\",\"position\":2,\"name\":\"Activities\"}]},{\"@type\":\"WebSite\",\"@id\":\"https:\\\/\\\/taghazoutlife.com\\\/#website\",\"url\":\"https:\\\/\\\/taghazoutlife.com\\\/\",\"name\":\"Taghazout Life Surf House\",\"description\":\"Surf Camp &amp; Accommodation in Taghazout Morocco\",\"publisher\":{\"@id\":\"https:\\\/\\\/taghazoutlife.com\\\/#organization\"},\"potentialAction\":[{\"@type\":\"SearchAction\",\"target\":{\"@type\":\"EntryPoint\",\"urlTemplate\":\"https:\\\/\\\/taghazoutlife.com\\\/?s={search_term_string}\"},\"query-input\":{\"@type\":\"PropertyValueSpecification\",\"valueRequired\":true,\"valueName\":\"search_term_string\"}}],\"inLanguage\":\"fr-FR\"},{\"@type\":\"Organization\",\"@id\":\"https:\\\/\\\/taghazoutlife.com\\\/#organization\",\"name\":\"Taghazout Life Surf House\",\"url\":\"https:\\\/\\\/taghazoutlife.com\\\/\",\"logo\":{\"@type\":\"ImageObject\",\"inLanguage\":\"fr-FR\",\"@id\":\"https:\\\/\\\/taghazoutlife.com\\\/#\\\/schema\\\/logo\\\/image\\\/\",\"url\":\"https:\\\/\\\/taghazoutlife.com\\\/wp-content\\\/uploads\\\/2026\\\/03\\\/logo-footer-black.png\",\"contentUrl\":\"https:\\\/\\\/taghazoutlife.com\\\/wp-content\\\/uploads\\\/2026\\\/03\\\/logo-footer-black.png\",\"width\":512,\"height\":512,\"caption\":\"Taghazout Life Surf House\"},\"image\":{\"@id\":\"https:\\\/\\\/taghazoutlife.com\\\/#\\\/schema\\\/logo\\\/image\\\/\"}}]}<\/script>\n<!-- \/ Yoast SEO plugin. -->","yoast_head_json":{"title":"Activities - Taghazout Life Surf House","description":"Discover activities at Taghazout Life Surf House, including surfing, yoga, trips, and adventures for an unforgettable stay.","robots":{"index":"index","follow":"follow","max-snippet":"max-snippet:-1","max-image-preview":"max-image-preview:large","max-video-preview":"max-video-preview:-1"},"canonical":"https:\/\/taghazoutlife.com\/fr\/activities\/","og_locale":"fr_FR","og_type":"article","og_title":"Activities - Taghazout Life Surf House","og_description":"Discover activities at Taghazout Life Surf House, including surfing, yoga, trips, and adventures for an unforgettable stay.","og_url":"https:\/\/taghazoutlife.com\/fr\/activities\/","og_site_name":"Taghazout Life Surf House","article_modified_time":"2026-04-03T15:00:26+00:00","og_image":[{"width":1600,"height":1067,"url":"https:\/\/taghazoutlife.com\/wp-content\/uploads\/2026\/03\/7816786578.jpg","type":"image\/jpeg"}],"twitter_card":"summary_large_image","twitter_misc":{"Dur\u00e9e de lecture estim\u00e9e":"5 minutes"},"schema":{"@context":"https:\/\/schema.org","@graph":[{"@type":"WebPage","@id":"https:\/\/taghazoutlife.com\/activities\/","url":"https:\/\/taghazoutlife.com\/activities\/","name":"Activities - Taghazout Life Surf House","isPartOf":{"@id":"https:\/\/taghazoutlife.com\/#website"},"primaryImageOfPage":{"@id":"https:\/\/taghazoutlife.com\/activities\/#primaryimage"},"image":{"@id":"https:\/\/taghazoutlife.com\/activities\/#primaryimage"},"thumbnailUrl":"https:\/\/taghazoutlife.com\/wp-content\/uploads\/2026\/03\/7816786578.jpg","datePublished":"2026-03-14T02:08:09+00:00","dateModified":"2026-04-03T15:00:26+00:00","description":"Discover activities at Taghazout Life Surf House, including surfing, yoga, trips, and adventures for an unforgettable stay.","breadcrumb":{"@id":"https:\/\/taghazoutlife.com\/activities\/#breadcrumb"},"inLanguage":"fr-FR","potentialAction":[{"@type":"ReadAction","target":["https:\/\/taghazoutlife.com\/activities\/"]}]},{"@type":"ImageObject","inLanguage":"fr-FR","@id":"https:\/\/taghazoutlife.com\/activities\/#primaryimage","url":"https:\/\/taghazoutlife.com\/wp-content\/uploads\/2026\/03\/7816786578.jpg","contentUrl":"https:\/\/taghazoutlife.com\/wp-content\/uploads\/2026\/03\/7816786578.jpg","width":1600,"height":1067},{"@type":"BreadcrumbList","@id":"https:\/\/taghazoutlife.com\/activities\/#breadcrumb","itemListElement":[{"@type":"ListItem","position":1,"name":"Home","item":"https:\/\/taghazoutlife.com\/"},{"@type":"ListItem","position":2,"name":"Activities"}]},{"@type":"WebSite","@id":"https:\/\/taghazoutlife.com\/#website","url":"https:\/\/taghazoutlife.com\/","name":"Taghazout Life Surf House","description":"Surf Camp &amp; Accommodation in Taghazout Morocco","publisher":{"@id":"https:\/\/taghazoutlife.com\/#organization"},"potentialAction":[{"@type":"SearchAction","target":{"@type":"EntryPoint","urlTemplate":"https:\/\/taghazoutlife.com\/?s={search_term_string}"},"query-input":{"@type":"PropertyValueSpecification","valueRequired":true,"valueName":"search_term_string"}}],"inLanguage":"fr-FR"},{"@type":"Organization","@id":"https:\/\/taghazoutlife.com\/#organization","name":"Taghazout Life Surf House","url":"https:\/\/taghazoutlife.com\/","logo":{"@type":"ImageObject","inLanguage":"fr-FR","@id":"https:\/\/taghazoutlife.com\/#\/schema\/logo\/image\/","url":"https:\/\/taghazoutlife.com\/wp-content\/uploads\/2026\/03\/logo-footer-black.png","contentUrl":"https:\/\/taghazoutlife.com\/wp-content\/uploads\/2026\/03\/logo-footer-black.png","width":512,"height":512,"caption":"Taghazout Life Surf House"},"image":{"@id":"https:\/\/taghazoutlife.com\/#\/schema\/logo\/image\/"}}]}},"_links":{"self":[{"href":"https:\/\/taghazoutlife.com\/fr\/wp-json\/wp\/v2\/pages\/10946","targetHints":{"allow":["GET"]}}],"collection":[{"href":"https:\/\/taghazoutlife.com\/fr\/wp-json\/wp\/v2\/pages"}],"about":[{"href":"https:\/\/taghazoutlife.com\/fr\/wp-json\/wp\/v2\/types\/page"}],"author":[{"embeddable":true,"href":"https:\/\/taghazoutlife.com\/fr\/wp-json\/wp\/v2\/users\/1"}],"replies":[{"embeddable":true,"href":"https:\/\/taghazoutlife.com\/fr\/wp-json\/wp\/v2\/comments?post=10946"}],"version-history":[{"count":15,"href":"https:\/\/taghazoutlife.com\/fr\/wp-json\/wp\/v2\/pages\/10946\/revisions"}],"predecessor-version":[{"id":11481,"href":"https:\/\/taghazoutlife.com\/fr\/wp-json\/wp\/v2\/pages\/10946\/revisions\/11481"}],"wp:featuredmedia":[{"embeddable":true,"href":"https:\/\/taghazoutlife.com\/fr\/wp-json\/wp\/v2\/media\/11068"}],"wp:attachment":[{"href":"https:\/\/taghazoutlife.com\/fr\/wp-json\/wp\/v2\/media?parent=10946"}],"curies":[{"name":"wp","href":"https:\/\/api.w.org\/{rel}","templated":true}]}}