{"id":5212,"date":"2021-08-25T07:26:28","date_gmt":"2021-08-25T07:26:28","guid":{"rendered":"http:\/\/dummy.xtemos.com\/woodmart2\/?page_id=5212"},"modified":"2026-04-03T14:40:27","modified_gmt":"2026-04-03T13:40:27","slug":"about-us","status":"publish","type":"page","link":"https:\/\/taghazoutlife.com\/fr\/about-us\/","title":{"rendered":"\u00c0 propos"},"content":{"rendered":"<div class=\"wpb-content-wrapper\"><div data-vc-full-width=\"true\" data-vc-full-width-temp=\"true\" data-vc-full-width-init=\"false\" data-vc-stretch-content=\"true\" class=\"vc_row wpb_row vc_row-fluid vc_custom_1774302641367 vc_row-has-fill wd-rs-69c1b5a3ee67d\"><div class=\"wpb_column vc_column_container vc_col-sm-12 wd-rs-69a63920f2ecd\"><div class=\"vc_column-inner vc_custom_1772501286463\"><div class=\"wpb_wrapper\">\n\t\t<div id=\"wd-69cfb997e3238\" class=\"title-wrapper wd-wpb wd-set-mb reset-last-child  wd-rs-69cfb997e3238 wd-title-color-white wd-title-style-default text-center vc_custom_1775221153198 wd-underline-colored\">\n\t\t\t\t\t\t\t\n\t\t\t\t<div class=\"title-subtitle  subtitle-color-white font-alt subtitle-style-default wd-font-weight-100 wd-fontsize-xs\">Un lieu de rencontre pour les surfeurs et les voyageurs<\/div>\n\t\t\t\n\t\t\t<div class=\"liner-continer\">\n\t\t\t\t<h1 class=\"woodmart-title-container title  wd-font-weight-100 wd-fontsize-l\" ><strong>\u00c0 PROPOS DE NOUS<\/strong><\/h1>\n\t\t\t\t\t\t\t<\/div>\n\t\t\t\n\t\t\t\t\t\t\t<div class=\"title-after_title reset-last-child  wd-fontsize-xs\">S\u00e9jour confortable, ambiance chaleureuse et exp\u00e9riences inoubliables au bord de l'oc\u00e9an.<\/div>\n\t\t\t\n\t\t\t\n\t\t<\/div>\n\t\t\n\t\t\t\t\t<div id=\"wd-69a79a956401a\" class=\"wd-row-divider wd-69a79a956401a dvr-position-bottom dvr-style-sweet-wave dvr-overlap-enable\">\n\t\t\t\t<svg width=\"100%\" height=\"50px\" viewbox=\"0 0 1920 80\" xmlns=\"http:\/\/www.w3.org\/2000\/svg\" preserveaspectratio=\"none\">\n<path d=\"M0 20C0 20 169.5 0 510 0C850.5 0 1069.5 60 1410 60C1750.5 60 1920 20 1920 20V80H0V20Z\" \/>\n<\/svg>\n\t\t\t\t\t\t\t<\/div>\n\t\t<\/div><\/div><\/div><\/div><div class=\"vc_row-full-width vc_clearfix\"><\/div><section data-vc-full-width=\"true\" data-vc-full-width-temp=\"true\" data-vc-full-width-init=\"false\" class=\"vc_section vc_custom_1773539468070 vc_section-has-fill wd-bg-center-center mobile-bg-img-hidden wd-rs-69b6108537beb\"><div class=\"vc_row wpb_row vc_row-fluid vc_custom_1773540665331 wd-rs-69b6152e0c722\"><div class=\"wpb_column vc_column_container vc_col-sm-12 wd-rs-69a4fd4e54311\"><div class=\"vc_column-inner\"><div class=\"wpb_wrapper\">\n\t\t<div id=\"wd-69c1a5a6d214b\" class=\"title-wrapper wd-wpb wd-set-mb reset-last-child  wd-rs-69c1a5a6d214b wd-title-color-default wd-title-style-simple text-center vc_custom_1774298575412 wd-underline-colored\">\n\t\t\t\n\t\t\t<div class=\"liner-continer\">\n\t\t\t\t<h2 class=\"woodmart-title-container title  wd-font-weight-600 wd-fontsize-l\" >\u00c0 propos de Taghazout Life<\/h2>\n\t\t\t\t\t\t\t<\/div>\n\t\t\t\n\t\t\t\t\t\t\t<div class=\"title-after_title reset-last-child  wd-fontsize-xs\">Taghazout Life a \u00e9t\u00e9 cr\u00e9\u00e9 pour partager la passion du surf, des voyages et de l'hospitalit\u00e9 marocaine avec des personnes du monde entier.<\/div>\n\t\t\t\n\t\t\t\n\t\t<\/div>\n\t\t\n\t\t<\/div><\/div><\/div><\/div><div data-vc-full-width=\"true\" data-vc-full-width-temp=\"true\" data-vc-full-width-init=\"false\" class=\"vc_row wpb_row vc_row-fluid vc_custom_1773540683196 vc_row-has-fill wd-bg-right-center tablet-bg-img-hidden wd-rs-69b6153d32758\"><div class=\"wpb_column vc_column_container vc_col-sm-4 vc_col-md-4 vc_col-xs-12 wd-rs-69b5a49b3b408\"><div class=\"vc_column-inner vc_custom_1773511902782\"><div class=\"wpb_wrapper\">\t\t<div class=\"promo-banner-wrapper  wd-rs-69cfc33ce08b5  wd-width-custom\">\n\t\t\t<div id=\"wd-69cfc33ce08b5\" class=\"promo-banner  banner-mask banner-hover-zoom color-scheme-light banner-btn-size-default banner-btn-style-link  with-btn banner-btn-position-hover wd-with-link wd-underline-colored\">\n\t\t\t\t<div class=\"main-wrapp-img\">\n\t\t\t\t\t<div class=\"banner-image wd-bg-position-center\" >\n\t\t\t\t\t\t<img loading=\"lazy\" decoding=\"async\" width=\"2000\" height=\"1333\" src=\"https:\/\/taghazoutlife.com\/wp-content\/uploads\/2026\/03\/DSC04880.jpg\" class=\"attachment-full size-full\" alt=\"\" \/>\t\t\t\t\t<\/div>\n\t\t\t\t<\/div>\n\n\t\t\t\t<div class=\"wrapper-content-banner wd-fill  wd-items-middle wd-justify-center\">\n\t\t\t\t\t<div class=\"content-banner  text-center\">\n\t\t\t\t\t\t<h3 class=\"banner-title wd-font-weight-300 wd-fontsize-l\"><strong>L'\u00c9QUIPE<\/strong><\/h3>\t\t\t\t\t\t\n\t\t\t\t\t\t\n\t\t\t\t\t\t<div class=\"banner-btn-wrapper\"><div id=\"wd-69e387e1b4bb7\" class=\"wd-button-wrapper text-center\"><a href=\"https:\/\/taghazoutlife.com\/fr\/the-team\/\" title=\"L\u2019\u00c9quipe\" class=\"btn btn-style-link btn-shape-rectangle btn-size-default btn-icon-pos-right\">Voir plus<span class=\"wd-btn-icon\"><span class=\"wd-icon fa fa-solid fa-arrow-right\"><\/span><\/span><\/a><\/div><\/div>\t\t\t\t\t<\/div>\n\t\t\t\t<\/div>\n\n\t\t\t\t\t\t\t\t\t<a class=\"wd-promo-banner-link wd-fill\" aria-label=\"Banner link\" href=\"https:\/\/taghazoutlife.com\/fr\/the-team\/\" title=\"L\u2019\u00c9quipe\"><\/a>\n\t\t\t\t\n\t\t\t\t\t\t\t<\/div>\n\t\t<\/div>\n\n\t\t<\/div><\/div><\/div><div class=\"wpb_column vc_column_container vc_col-sm-4 vc_col-md-4 vc_col-xs-12 wd-rs-69b5a4df7fa18\"><div class=\"vc_column-inner vc_custom_1773511909248\"><div class=\"wpb_wrapper\">\t\t<div class=\"promo-banner-wrapper  wd-rs-69c1a6d61c924  wd-width-custom\">\n\t\t\t<div id=\"wd-69c1a6d61c924\" class=\"promo-banner  banner-mask banner-hover-zoom color-scheme-light banner-btn-size-default banner-btn-style-link  with-btn banner-btn-position-hover wd-with-link wd-underline-colored\">\n\t\t\t\t<div class=\"main-wrapp-img\">\n\t\t\t\t\t<div class=\"banner-image wd-bg-position-center\" >\n\t\t\t\t\t\t<img loading=\"lazy\" decoding=\"async\" width=\"1600\" height=\"1067\" src=\"https:\/\/taghazoutlife.com\/wp-content\/uploads\/2026\/03\/7816786578.jpg\" class=\"attachment-full size-full\" alt=\"\" \/>\t\t\t\t\t<\/div>\n\t\t\t\t<\/div>\n\n\t\t\t\t<div class=\"wrapper-content-banner wd-fill  wd-items-middle wd-justify-center\">\n\t\t\t\t\t<div class=\"content-banner  text-center\">\n\t\t\t\t\t\t<h3 class=\"banner-title wd-font-weight-300 wd-fontsize-l\"><strong>D\u00c9VELOPPEMENT DURABLE<\/strong><\/h3>\t\t\t\t\t\t\n\t\t\t\t\t\t\n\t\t\t\t\t\t<div class=\"banner-btn-wrapper\"><div id=\"wd-69e387e1b523d\" class=\"wd-button-wrapper text-center\"><a href=\"https:\/\/taghazoutlife.com\/fr\/sustainability\/\" title=\"D\u00e9veloppement Durable\" class=\"btn btn-style-link btn-shape-rectangle btn-size-default btn-icon-pos-right\">Voir plus<span class=\"wd-btn-icon\"><span class=\"wd-icon fa fa-solid fa-arrow-right\"><\/span><\/span><\/a><\/div><\/div>\t\t\t\t\t<\/div>\n\t\t\t\t<\/div>\n\n\t\t\t\t\t\t\t\t\t<a class=\"wd-promo-banner-link wd-fill\" aria-label=\"Banner link\" href=\"https:\/\/taghazoutlife.com\/fr\/sustainability\/\" title=\"D\u00e9veloppement Durable\"><\/a>\n\t\t\t\t\n\t\t\t\t\t\t\t<\/div>\n\t\t<\/div>\n\n\t\t<\/div><\/div><\/div><div class=\"wpb_column vc_column_container vc_col-sm-4 vc_col-md-4 vc_col-xs-12 wd-rs-69b5a4e6582b1\"><div class=\"vc_column-inner vc_custom_1773511916756\"><div class=\"wpb_wrapper\">\t\t<div class=\"promo-banner-wrapper  wd-rs-69c1a6e21f4b8  wd-width-custom\">\n\t\t\t<div id=\"wd-69c1a6e21f4b8\" class=\"promo-banner  banner-mask banner-hover-zoom color-scheme-light banner-btn-size-default banner-btn-style-link  with-btn banner-btn-position-hover wd-with-link wd-underline-colored\">\n\t\t\t\t<div class=\"main-wrapp-img\">\n\t\t\t\t\t<div class=\"banner-image wd-bg-position-center\" >\n\t\t\t\t\t\t<img loading=\"lazy\" decoding=\"async\" width=\"1920\" height=\"840\" src=\"https:\/\/taghazoutlife.com\/wp-content\/uploads\/2021\/08\/7815322589754.jpg\" class=\"attachment-full size-full\" alt=\"\" \/>\t\t\t\t\t<\/div>\n\t\t\t\t<\/div>\n\n\t\t\t\t<div class=\"wrapper-content-banner wd-fill  wd-items-middle wd-justify-center\">\n\t\t\t\t\t<div class=\"content-banner  text-center\">\n\t\t\t\t\t\t<h3 class=\"banner-title wd-font-weight-300 wd-fontsize-l\"><strong>BLOG<\/strong><\/h3>\t\t\t\t\t\t\n\t\t\t\t\t\t\n\t\t\t\t\t\t<div class=\"banner-btn-wrapper\"><div id=\"wd-69e387e1b5843\" class=\"wd-button-wrapper text-center\"><a href=\"https:\/\/taghazoutlife.com\/fr\/blog\/\" title=\"Blog\" class=\"btn btn-style-link btn-shape-rectangle btn-size-default btn-icon-pos-right\">Voir plus<span class=\"wd-btn-icon\"><span class=\"wd-icon fa fa-solid fa-arrow-right\"><\/span><\/span><\/a><\/div><\/div>\t\t\t\t\t<\/div>\n\t\t\t\t<\/div>\n\n\t\t\t\t\t\t\t\t\t<a class=\"wd-promo-banner-link wd-fill\" aria-label=\"Banner link\" href=\"https:\/\/taghazoutlife.com\/fr\/blog\/\" title=\"Blog\"><\/a>\n\t\t\t\t\n\t\t\t\t\t\t\t<\/div>\n\t\t<\/div>\n\n\t\t<\/div><\/div><\/div><\/div><div class=\"vc_row-full-width vc_clearfix\"><\/div><div data-vc-full-width=\"true\" data-vc-full-width-temp=\"true\" data-vc-full-width-init=\"false\" data-vc-stretch-content=\"true\" class=\"vc_row wpb_row vc_row-fluid vc_row-no-padding\"><div class=\"wpb_column vc_column_container vc_col-sm-12\"><div class=\"vc_column-inner vc_custom_1564497848562\"><div class=\"wpb_wrapper\">\t\t\t<div id=\"wd-69b4ca0470ff2\" class=\"wd-row-divider wd-69b4ca0470ff2 dvr-position-bottom dvr-style-sweet-wave\">\n\t\t\t\t<svg width=\"100%\" height=\"50px\" viewbox=\"0 0 1920 80\" xmlns=\"http:\/\/www.w3.org\/2000\/svg\" preserveaspectratio=\"none\">\n<path d=\"M0 20C0 20 169.5 0 510 0C850.5 0 1069.5 60 1410 60C1750.5 60 1920 20 1920 20V80H0V20Z\" \/>\n<\/svg>\n\t\t\t\t\t\t\t<\/div>\n\t\t<\/div><\/div><\/div><\/div><div class=\"vc_row-full-width vc_clearfix\"><\/div><\/section><div class=\"vc_row-full-width vc_clearfix\"><\/div>\n<\/div>","protected":false},"excerpt":{"rendered":"A home for surfers and travelers ABOUT US Comfortable stay, good vibes, and unforgettable experiences by the ocean. About Taghazout","protected":false},"author":1,"featured_media":11251,"parent":0,"menu_order":0,"comment_status":"closed","ping_status":"closed","template":"","meta":{"footnotes":""},"class_list":["post-5212","page","type-page","status-publish","has-post-thumbnail","hentry"],"yoast_head":"<!-- This site is optimized with the Yoast SEO plugin v27.4 - https:\/\/yoast.com\/product\/yoast-seo-wordpress\/ -->\n<title>About us - Taghazout Life Surf House<\/title>\n<meta name=\"description\" content=\"Discover Taghazout Life Surf House, a welcoming surf house in Taghazout, Morocco with surf, yoga, and a relaxed atmosphere near the ocean.\" \/>\n<meta name=\"robots\" content=\"index, follow, max-snippet:-1, max-image-preview:large, max-video-preview:-1\" \/>\n<link rel=\"canonical\" href=\"https:\/\/taghazoutlife.com\/fr\/about-us\/\" \/>\n<meta property=\"og:locale\" content=\"fr_FR\" \/>\n<meta property=\"og:type\" content=\"article\" \/>\n<meta property=\"og:title\" content=\"About us - Taghazout Life Surf House\" \/>\n<meta property=\"og:description\" content=\"Discover Taghazout Life Surf House, a welcoming surf house in Taghazout, Morocco with surf, yoga, and a relaxed atmosphere near the ocean.\" \/>\n<meta property=\"og:url\" content=\"https:\/\/taghazoutlife.com\/fr\/about-us\/\" \/>\n<meta property=\"og:site_name\" content=\"Taghazout Life Surf House\" \/>\n<meta property=\"article:modified_time\" content=\"2026-04-03T13:40:27+00:00\" \/>\n<meta property=\"og:image\" content=\"https:\/\/taghazoutlife.com\/wp-content\/uploads\/2026\/03\/IMG_4962.jpg\" \/>\n\t<meta property=\"og:image:width\" content=\"2016\" \/>\n\t<meta property=\"og:image:height\" content=\"1512\" \/>\n\t<meta property=\"og:image:type\" content=\"image\/jpeg\" \/>\n<meta name=\"twitter:card\" content=\"summary_large_image\" \/>\n<meta name=\"twitter:label1\" content=\"Dur\u00e9e de lecture estim\u00e9e\" \/>\n\t<meta name=\"twitter:data1\" content=\"2 minutes\" \/>\n<script type=\"application\/ld+json\" class=\"yoast-schema-graph\">{\"@context\":\"https:\\\/\\\/schema.org\",\"@graph\":[{\"@type\":\"WebPage\",\"@id\":\"https:\\\/\\\/taghazoutlife.com\\\/about-us\\\/\",\"url\":\"https:\\\/\\\/taghazoutlife.com\\\/about-us\\\/\",\"name\":\"About us - Taghazout Life Surf House\",\"isPartOf\":{\"@id\":\"https:\\\/\\\/taghazoutlife.com\\\/#website\"},\"primaryImageOfPage\":{\"@id\":\"https:\\\/\\\/taghazoutlife.com\\\/about-us\\\/#primaryimage\"},\"image\":{\"@id\":\"https:\\\/\\\/taghazoutlife.com\\\/about-us\\\/#primaryimage\"},\"thumbnailUrl\":\"https:\\\/\\\/taghazoutlife.com\\\/wp-content\\\/uploads\\\/2026\\\/03\\\/IMG_4962.jpg\",\"datePublished\":\"2021-08-25T07:26:28+00:00\",\"dateModified\":\"2026-04-03T13:40:27+00:00\",\"description\":\"Discover Taghazout Life Surf House, a welcoming surf house in Taghazout, Morocco with surf, yoga, and a relaxed atmosphere near the ocean.\",\"breadcrumb\":{\"@id\":\"https:\\\/\\\/taghazoutlife.com\\\/about-us\\\/#breadcrumb\"},\"inLanguage\":\"fr-FR\",\"potentialAction\":[{\"@type\":\"ReadAction\",\"target\":[\"https:\\\/\\\/taghazoutlife.com\\\/about-us\\\/\"]}]},{\"@type\":\"ImageObject\",\"inLanguage\":\"fr-FR\",\"@id\":\"https:\\\/\\\/taghazoutlife.com\\\/about-us\\\/#primaryimage\",\"url\":\"https:\\\/\\\/taghazoutlife.com\\\/wp-content\\\/uploads\\\/2026\\\/03\\\/IMG_4962.jpg\",\"contentUrl\":\"https:\\\/\\\/taghazoutlife.com\\\/wp-content\\\/uploads\\\/2026\\\/03\\\/IMG_4962.jpg\",\"width\":2016,\"height\":1512},{\"@type\":\"BreadcrumbList\",\"@id\":\"https:\\\/\\\/taghazoutlife.com\\\/about-us\\\/#breadcrumb\",\"itemListElement\":[{\"@type\":\"ListItem\",\"position\":1,\"name\":\"Home\",\"item\":\"https:\\\/\\\/taghazoutlife.com\\\/\"},{\"@type\":\"ListItem\",\"position\":2,\"name\":\"About us\"}]},{\"@type\":\"WebSite\",\"@id\":\"https:\\\/\\\/taghazoutlife.com\\\/#website\",\"url\":\"https:\\\/\\\/taghazoutlife.com\\\/\",\"name\":\"Taghazout Life Surf House\",\"description\":\"Surf Camp &amp; Accommodation in Taghazout Morocco\",\"publisher\":{\"@id\":\"https:\\\/\\\/taghazoutlife.com\\\/#organization\"},\"potentialAction\":[{\"@type\":\"SearchAction\",\"target\":{\"@type\":\"EntryPoint\",\"urlTemplate\":\"https:\\\/\\\/taghazoutlife.com\\\/?s={search_term_string}\"},\"query-input\":{\"@type\":\"PropertyValueSpecification\",\"valueRequired\":true,\"valueName\":\"search_term_string\"}}],\"inLanguage\":\"fr-FR\"},{\"@type\":\"Organization\",\"@id\":\"https:\\\/\\\/taghazoutlife.com\\\/#organization\",\"name\":\"Taghazout Life Surf House\",\"url\":\"https:\\\/\\\/taghazoutlife.com\\\/\",\"logo\":{\"@type\":\"ImageObject\",\"inLanguage\":\"fr-FR\",\"@id\":\"https:\\\/\\\/taghazoutlife.com\\\/#\\\/schema\\\/logo\\\/image\\\/\",\"url\":\"https:\\\/\\\/taghazoutlife.com\\\/wp-content\\\/uploads\\\/2026\\\/03\\\/logo-footer-black.png\",\"contentUrl\":\"https:\\\/\\\/taghazoutlife.com\\\/wp-content\\\/uploads\\\/2026\\\/03\\\/logo-footer-black.png\",\"width\":512,\"height\":512,\"caption\":\"Taghazout Life Surf House\"},\"image\":{\"@id\":\"https:\\\/\\\/taghazoutlife.com\\\/#\\\/schema\\\/logo\\\/image\\\/\"}}]}<\/script>\n<!-- \/ Yoast SEO plugin. -->","yoast_head_json":{"title":"About us - Taghazout Life Surf House","description":"Discover Taghazout Life Surf House, a welcoming surf house in Taghazout, Morocco with surf, yoga, and a relaxed atmosphere near the ocean.","robots":{"index":"index","follow":"follow","max-snippet":"max-snippet:-1","max-image-preview":"max-image-preview:large","max-video-preview":"max-video-preview:-1"},"canonical":"https:\/\/taghazoutlife.com\/fr\/about-us\/","og_locale":"fr_FR","og_type":"article","og_title":"About us - Taghazout Life Surf House","og_description":"Discover Taghazout Life Surf House, a welcoming surf house in Taghazout, Morocco with surf, yoga, and a relaxed atmosphere near the ocean.","og_url":"https:\/\/taghazoutlife.com\/fr\/about-us\/","og_site_name":"Taghazout Life Surf House","article_modified_time":"2026-04-03T13:40:27+00:00","og_image":[{"width":2016,"height":1512,"url":"https:\/\/taghazoutlife.com\/wp-content\/uploads\/2026\/03\/IMG_4962.jpg","type":"image\/jpeg"}],"twitter_card":"summary_large_image","twitter_misc":{"Dur\u00e9e de lecture estim\u00e9e":"2 minutes"},"schema":{"@context":"https:\/\/schema.org","@graph":[{"@type":"WebPage","@id":"https:\/\/taghazoutlife.com\/about-us\/","url":"https:\/\/taghazoutlife.com\/about-us\/","name":"About us - Taghazout Life Surf House","isPartOf":{"@id":"https:\/\/taghazoutlife.com\/#website"},"primaryImageOfPage":{"@id":"https:\/\/taghazoutlife.com\/about-us\/#primaryimage"},"image":{"@id":"https:\/\/taghazoutlife.com\/about-us\/#primaryimage"},"thumbnailUrl":"https:\/\/taghazoutlife.com\/wp-content\/uploads\/2026\/03\/IMG_4962.jpg","datePublished":"2021-08-25T07:26:28+00:00","dateModified":"2026-04-03T13:40:27+00:00","description":"Discover Taghazout Life Surf House, a welcoming surf house in Taghazout, Morocco with surf, yoga, and a relaxed atmosphere near the ocean.","breadcrumb":{"@id":"https:\/\/taghazoutlife.com\/about-us\/#breadcrumb"},"inLanguage":"fr-FR","potentialAction":[{"@type":"ReadAction","target":["https:\/\/taghazoutlife.com\/about-us\/"]}]},{"@type":"ImageObject","inLanguage":"fr-FR","@id":"https:\/\/taghazoutlife.com\/about-us\/#primaryimage","url":"https:\/\/taghazoutlife.com\/wp-content\/uploads\/2026\/03\/IMG_4962.jpg","contentUrl":"https:\/\/taghazoutlife.com\/wp-content\/uploads\/2026\/03\/IMG_4962.jpg","width":2016,"height":1512},{"@type":"BreadcrumbList","@id":"https:\/\/taghazoutlife.com\/about-us\/#breadcrumb","itemListElement":[{"@type":"ListItem","position":1,"name":"Home","item":"https:\/\/taghazoutlife.com\/"},{"@type":"ListItem","position":2,"name":"About us"}]},{"@type":"WebSite","@id":"https:\/\/taghazoutlife.com\/#website","url":"https:\/\/taghazoutlife.com\/","name":"Taghazout Life Surf House","description":"Surf Camp &amp; Accommodation in Taghazout Morocco","publisher":{"@id":"https:\/\/taghazoutlife.com\/#organization"},"potentialAction":[{"@type":"SearchAction","target":{"@type":"EntryPoint","urlTemplate":"https:\/\/taghazoutlife.com\/?s={search_term_string}"},"query-input":{"@type":"PropertyValueSpecification","valueRequired":true,"valueName":"search_term_string"}}],"inLanguage":"fr-FR"},{"@type":"Organization","@id":"https:\/\/taghazoutlife.com\/#organization","name":"Taghazout Life Surf House","url":"https:\/\/taghazoutlife.com\/","logo":{"@type":"ImageObject","inLanguage":"fr-FR","@id":"https:\/\/taghazoutlife.com\/#\/schema\/logo\/image\/","url":"https:\/\/taghazoutlife.com\/wp-content\/uploads\/2026\/03\/logo-footer-black.png","contentUrl":"https:\/\/taghazoutlife.com\/wp-content\/uploads\/2026\/03\/logo-footer-black.png","width":512,"height":512,"caption":"Taghazout Life Surf House"},"image":{"@id":"https:\/\/taghazoutlife.com\/#\/schema\/logo\/image\/"}}]}},"_links":{"self":[{"href":"https:\/\/taghazoutlife.com\/fr\/wp-json\/wp\/v2\/pages\/5212","targetHints":{"allow":["GET"]}}],"collection":[{"href":"https:\/\/taghazoutlife.com\/fr\/wp-json\/wp\/v2\/pages"}],"about":[{"href":"https:\/\/taghazoutlife.com\/fr\/wp-json\/wp\/v2\/types\/page"}],"author":[{"embeddable":true,"href":"https:\/\/taghazoutlife.com\/fr\/wp-json\/wp\/v2\/users\/1"}],"replies":[{"embeddable":true,"href":"https:\/\/taghazoutlife.com\/fr\/wp-json\/wp\/v2\/comments?post=5212"}],"version-history":[{"count":12,"href":"https:\/\/taghazoutlife.com\/fr\/wp-json\/wp\/v2\/pages\/5212\/revisions"}],"predecessor-version":[{"id":11451,"href":"https:\/\/taghazoutlife.com\/fr\/wp-json\/wp\/v2\/pages\/5212\/revisions\/11451"}],"wp:featuredmedia":[{"embeddable":true,"href":"https:\/\/taghazoutlife.com\/fr\/wp-json\/wp\/v2\/media\/11251"}],"wp:attachment":[{"href":"https:\/\/taghazoutlife.com\/fr\/wp-json\/wp\/v2\/media?parent=5212"}],"curies":[{"name":"wp","href":"https:\/\/api.w.org\/{rel}","templated":true}]}}