{"id":5288,"date":"2021-08-25T09:00:10","date_gmt":"2021-08-25T09:00:10","guid":{"rendered":"http:\/\/dummy.xtemos.com\/woodmart2\/?page_id=5288"},"modified":"2026-04-03T13:59:45","modified_gmt":"2026-04-03T12:59:45","slug":"contact-us","status":"publish","type":"page","link":"https:\/\/taghazoutlife.com\/fr\/contact-us\/","title":{"rendered":"Contact"},"content":{"rendered":"<div class=\"wpb-content-wrapper\"><div data-vc-full-width=\"true\" data-vc-full-width-temp=\"true\" data-vc-full-width-init=\"false\" data-vc-stretch-content=\"true\" class=\"vc_row wpb_row vc_row-fluid vc_custom_1774303247344 vc_row-has-fill wd-rs-69c1b7fae9467\"><div class=\"wpb_column vc_column_container vc_col-sm-12 wd-rs-69a63920f2ecd\"><div class=\"vc_column-inner vc_custom_1772501286463\"><div class=\"wpb_wrapper\">\n\t\t<div id=\"wd-69cfb9b7c4ef1\" class=\"title-wrapper wd-wpb wd-set-mb reset-last-child  wd-rs-69cfb9b7c4ef1 wd-title-color-white wd-title-style-default text-center vc_custom_1775221184353 wd-width-enabled wd-underline-colored\" style=\"--wd-max-width: 70%;\">\n\t\t\t\t\t\t\t\n\t\t\t\t<div class=\"title-subtitle  subtitle-color-white font-alt subtitle-style-default wd-font-weight-100 wd-fontsize-xs\">Nous sommes l\u00e0 pour vous aider \u00e0 planifier le s\u00e9jour parfait<\/div>\n\t\t\t\n\t\t\t<div class=\"liner-continer\">\n\t\t\t\t<h1 class=\"woodmart-title-container title  wd-font-weight-100 wd-fontsize-l\" ><strong>CONTACTEZ-NOUS<\/strong><\/h1>\n\t\t\t\t\t\t\t<\/div>\n\t\t\t\n\t\t\t\t\t\t\t<div class=\"title-after_title reset-last-child  wd-fontsize-xs\">N'h\u00e9sitez pas \u00e0 nous contacter \u00e0 tout moment. Notre \u00e9quipe vous r\u00e9pondra dans les plus brefs d\u00e9lais.<\/div>\n\t\t\t\n\t\t\t\n\t\t<\/div>\n\t\t\n\t\t\t\t\t<div id=\"wd-69a79a956401a\" class=\"wd-row-divider wd-69a79a956401a dvr-position-bottom dvr-style-sweet-wave dvr-overlap-enable\">\n\t\t\t\t<svg width=\"100%\" height=\"50px\" viewbox=\"0 0 1920 80\" xmlns=\"http:\/\/www.w3.org\/2000\/svg\" preserveaspectratio=\"none\">\n<path d=\"M0 20C0 20 169.5 0 510 0C850.5 0 1069.5 60 1410 60C1750.5 60 1920 20 1920 20V80H0V20Z\" \/>\n<\/svg>\n\t\t\t\t\t\t\t<\/div>\n\t\t<\/div><\/div><\/div><\/div><div class=\"vc_row-full-width vc_clearfix\"><\/div><section data-vc-full-width=\"true\" data-vc-full-width-temp=\"true\" data-vc-full-width-init=\"false\" class=\"vc_section vc_custom_1773507652486 vc_section-has-fill wd-rs-69b5943e5fb35\"><div data-vc-full-width=\"true\" data-vc-full-width-temp=\"true\" data-vc-full-width-init=\"false\" data-vc-stretch-content=\"true\" class=\"vc_row wpb_row vc_row-fluid vc_row-no-padding wd-rs-611bc628bc967\"><div class=\"wpb_column vc_column_container vc_col-sm-12 wd-rs-611bc62c87069\"><div class=\"vc_column-inner vc_custom_1629210156898\"><div class=\"wpb_wrapper\">\t\t\t<div id=\"wd-69b5943d6567f\" class=\"wd-row-divider wd-69b5943d6567f dvr-position-top dvr-style-sweet-wave\">\n\t\t\t\t<svg width=\"100%\" height=\"50px\" viewbox=\"0 0 1920 80\" xmlns=\"http:\/\/www.w3.org\/2000\/svg\" class=\"wd-divider\" preserveaspectratio=\"none\">\n<path class=\"elementor-shape-fill\" d=\"M1920,60s-169.5,20-510,20S850.5,20,510,20,0,60,0,60V0H1920Z\" \/>\n<\/svg>\n\t\t\t\t\t\t\t<\/div>\n\t\t<\/div><\/div><\/div><\/div><div class=\"vc_row-full-width vc_clearfix\"><\/div><div class=\"vc_row wpb_row vc_row-fluid vc_custom_1773508469169 vc_row-o-content-middle vc_row-flex wd-rs-69b5976136ffe\"><div class=\"wpb_column vc_column_container vc_col-sm-6 wd-rs-69b597576653b\"><div class=\"vc_column-inner vc_custom_1773508448363\"><div class=\"wpb_wrapper\">\n<div class=\"wpcf7 no-js\" id=\"wpcf7-f7-o1\" lang=\"en-US\" dir=\"ltr\" data-wpcf7-id=\"7\">\n<div class=\"screen-reader-response\"><p role=\"status\" aria-live=\"polite\" aria-atomic=\"true\"><\/p> <ul><\/ul><\/div>\n<form action=\"\/fr\/wp-json\/wp\/v2\/pages\/5288#wpcf7-f7-o1\" method=\"post\" class=\"wpcf7-form init\" aria-label=\"Contact form\" novalidate=\"novalidate\" data-status=\"init\" data-trp-original-action=\"\/fr\/wp-json\/wp\/v2\/pages\/5288#wpcf7-f7-o1\">\n<fieldset class=\"hidden-fields-container\"><input type=\"hidden\" name=\"_wpcf7\" value=\"7\" \/><input type=\"hidden\" name=\"_wpcf7_version\" value=\"6.1.5\" \/><input type=\"hidden\" name=\"_wpcf7_locale\" value=\"en_US\" \/><input type=\"hidden\" name=\"_wpcf7_unit_tag\" value=\"wpcf7-f7-o1\" \/><input type=\"hidden\" name=\"_wpcf7_container_post\" value=\"0\" \/><input type=\"hidden\" name=\"_wpcf7_posted_data_hash\" value=\"\" \/><input type=\"hidden\" name=\"_wpcf7_recaptcha_response\" value=\"\" \/>\n<\/fieldset>\n<p><label> Votre nom *<br \/>\n<span class=\"wpcf7-form-control-wrap\" data-name=\"your-name\"><input size=\"40\" maxlength=\"400\" class=\"wpcf7-form-control wpcf7-text wpcf7-validates-as-required\" aria-required=\"true\" aria-invalid=\"false\" placeholder=\"Votre nom\" value=\"\" type=\"text\" name=\"your-name\" \/><\/span> <\/label>\n<\/p>\n<p><label> Votre adresse e-mail *<br \/>\n<span class=\"wpcf7-form-control-wrap\" data-name=\"your-email\"><input size=\"40\" maxlength=\"400\" class=\"wpcf7-form-control wpcf7-email wpcf7-validates-as-required wpcf7-text wpcf7-validates-as-email\" aria-required=\"true\" aria-invalid=\"false\" placeholder=\"Votre adresse e-mail\" value=\"\" type=\"email\" name=\"your-email\" \/><\/span> <\/label>\n<\/p>\n<p><label> Votre message *<br \/>\n<span class=\"wpcf7-form-control-wrap\" data-name=\"your-message\"><textarea cols=\"40\" rows=\"10\" maxlength=\"2000\" class=\"wpcf7-form-control wpcf7-textarea wpcf7-validates-as-required\" aria-required=\"true\" aria-invalid=\"false\" placeholder=\"Votre message\" name=\"your-message\"><\/textarea><\/span> <\/label>\n<\/p>\n<span class=\"wpcf7-form-control-wrap recaptcha\" data-name=\"recaptcha\"><span data-sitekey=\"6Ld9g5UsAAAAAEuZHQdaiG6gnPqQYuHFmc9sW0ba\" class=\"wpcf7-form-control wpcf7-recaptcha g-recaptcha\"><\/span>\r\n<noscript>\r\n\t<div class=\"grecaptcha-noscript\">\r\n\t\t<iframe loading=\"lazy\" src=\"https:\/\/www.google.com\/recaptcha\/api\/fallback?k=6Ld9g5UsAAAAAEuZHQdaiG6gnPqQYuHFmc9sW0ba\" frameborder=\"0\" scrolling=\"no\" width=\"310\" height=\"430\">\r\n\t\t<\/iframe>\r\n\t\t<textarea name=\"g-recaptcha-response\" rows=\"3\" cols=\"40\" placeholder=\"reCaptcha Response Here\">\r\n\t\t<\/textarea>\r\n\t<\/div>\r\n<\/noscript>\r\n<\/span>\n<div style=\"margin-top:15px\">\n\t<p><input class=\"wpcf7-form-control wpcf7-submit has-spinner\" type=\"submit\" value=\"Soumettre\" \/>\n\t<\/p>\n<\/div><div class=\"wpcf7-response-output\" aria-hidden=\"true\"><\/div>\n<input type=\"hidden\" name=\"trp-form-language\" value=\"fr\"\/><\/form>\n<\/div>\n<\/div><\/div><\/div><div class=\"wpb_column vc_column_container vc_col-sm-6 wd-rs-69b59767ce4f9\"><div class=\"vc_column-inner vc_custom_1773508462032\"><div class=\"wpb_wrapper\">\n\t<div class=\"wpb_raw_code wpb_raw_html wpb_content_element\" >\n\t\t<div class=\"wpb_wrapper\">\n\t\t\t<iframe src=\"https:\/\/www.google.com\/maps\/embed?pb=!1m18!1m12!1m3!1d1021.5672656238347!2d-9.708535564349443!3d30.54565902443968!2m3!1f0!2f0!3f0!3m2!1i1024!2i768!4f13.1!3m3!1m2!1s0xdb24dff20948d13%3A0xcd2129746eaa4295!2sTaghazout%20Life!5e0!3m2!1sfr!2sma!4v1773248346991!5m2!1sfr!2sma\" width=\"100%\" height=\"450\" style=\"border:0;\" allowfullscreen=\"\" loading=\"lazy\" referrerpolicy=\"no-referrer-when-downgrade\"><\/iframe>\n\t\t<\/div>\n\t<\/div>\n<\/div><\/div><\/div><\/div><div data-vc-full-width=\"true\" data-vc-full-width-temp=\"true\" data-vc-full-width-init=\"false\" data-vc-stretch-content=\"true\" class=\"vc_row wpb_row vc_row-fluid vc_row-no-padding\"><div class=\"wpb_column vc_column_container vc_col-sm-12\"><div class=\"vc_column-inner vc_custom_1564497848562\"><div class=\"wpb_wrapper\">\t\t\t<div id=\"wd-69b4ca0470ff2\" class=\"wd-row-divider wd-69b4ca0470ff2 dvr-position-bottom dvr-style-sweet-wave\">\n\t\t\t\t<svg width=\"100%\" height=\"50px\" viewbox=\"0 0 1920 80\" xmlns=\"http:\/\/www.w3.org\/2000\/svg\" preserveaspectratio=\"none\">\n<path d=\"M0 20C0 20 169.5 0 510 0C850.5 0 1069.5 60 1410 60C1750.5 60 1920 20 1920 20V80H0V20Z\" \/>\n<\/svg>\n\t\t\t\t\t\t\t<\/div>\n\t\t<\/div><\/div><\/div><\/div><div class=\"vc_row-full-width vc_clearfix\"><\/div><\/section><div class=\"vc_row-full-width vc_clearfix\"><\/div>\n<\/div>","protected":false},"excerpt":{"rendered":"We\u2019re here to help you plan the perfect stay GET IN TOUCH Feel free to contact us anytime. Our team","protected":false},"author":1,"featured_media":11231,"parent":0,"menu_order":0,"comment_status":"closed","ping_status":"closed","template":"","meta":{"footnotes":""},"class_list":["post-5288","page","type-page","status-publish","has-post-thumbnail","hentry"],"yoast_head":"<!-- This site is optimized with the Yoast SEO plugin v27.4 - https:\/\/yoast.com\/product\/yoast-seo-wordpress\/ -->\n<title>Contact us - Taghazout Life Surf House<\/title>\n<meta name=\"description\" content=\"Get in touch with Taghazout Life Surf House for bookings, questions, or info about surf, yoga, and your stay in Taghazout, Morocco.\" \/>\n<meta name=\"robots\" content=\"index, follow, max-snippet:-1, max-image-preview:large, max-video-preview:-1\" \/>\n<link rel=\"canonical\" href=\"https:\/\/taghazoutlife.com\/fr\/contact-us\/\" \/>\n<meta property=\"og:locale\" content=\"fr_FR\" \/>\n<meta property=\"og:type\" content=\"article\" \/>\n<meta property=\"og:title\" content=\"Contact us - Taghazout Life Surf House\" \/>\n<meta property=\"og:description\" content=\"Get in touch with Taghazout Life Surf House for bookings, questions, or info about surf, yoga, and your stay in Taghazout, Morocco.\" \/>\n<meta property=\"og:url\" content=\"https:\/\/taghazoutlife.com\/fr\/contact-us\/\" \/>\n<meta property=\"og:site_name\" content=\"Taghazout Life Surf House\" \/>\n<meta property=\"article:modified_time\" content=\"2026-04-03T12:59:45+00:00\" \/>\n<meta property=\"og:image\" content=\"https:\/\/taghazoutlife.com\/wp-content\/uploads\/2026\/03\/DSC2571.jpg\" \/>\n\t<meta property=\"og:image:width\" content=\"2000\" \/>\n\t<meta property=\"og:image:height\" content=\"1500\" \/>\n\t<meta property=\"og:image:type\" content=\"image\/jpeg\" \/>\n<meta name=\"twitter:card\" content=\"summary_large_image\" \/>\n<meta name=\"twitter:label1\" content=\"Dur\u00e9e de lecture estim\u00e9e\" \/>\n\t<meta name=\"twitter:data1\" content=\"2 minutes\" \/>\n<script type=\"application\/ld+json\" class=\"yoast-schema-graph\">{\"@context\":\"https:\\\/\\\/schema.org\",\"@graph\":[{\"@type\":\"WebPage\",\"@id\":\"https:\\\/\\\/taghazoutlife.com\\\/contact-us\\\/\",\"url\":\"https:\\\/\\\/taghazoutlife.com\\\/contact-us\\\/\",\"name\":\"Contact us - Taghazout Life Surf House\",\"isPartOf\":{\"@id\":\"https:\\\/\\\/taghazoutlife.com\\\/#website\"},\"primaryImageOfPage\":{\"@id\":\"https:\\\/\\\/taghazoutlife.com\\\/contact-us\\\/#primaryimage\"},\"image\":{\"@id\":\"https:\\\/\\\/taghazoutlife.com\\\/contact-us\\\/#primaryimage\"},\"thumbnailUrl\":\"https:\\\/\\\/taghazoutlife.com\\\/wp-content\\\/uploads\\\/2026\\\/03\\\/DSC2571.jpg\",\"datePublished\":\"2021-08-25T09:00:10+00:00\",\"dateModified\":\"2026-04-03T12:59:45+00:00\",\"description\":\"Get in touch with Taghazout Life Surf House for bookings, questions, or info about surf, yoga, and your stay in Taghazout, Morocco.\",\"breadcrumb\":{\"@id\":\"https:\\\/\\\/taghazoutlife.com\\\/contact-us\\\/#breadcrumb\"},\"inLanguage\":\"fr-FR\",\"potentialAction\":[{\"@type\":\"ReadAction\",\"target\":[\"https:\\\/\\\/taghazoutlife.com\\\/contact-us\\\/\"]}]},{\"@type\":\"ImageObject\",\"inLanguage\":\"fr-FR\",\"@id\":\"https:\\\/\\\/taghazoutlife.com\\\/contact-us\\\/#primaryimage\",\"url\":\"https:\\\/\\\/taghazoutlife.com\\\/wp-content\\\/uploads\\\/2026\\\/03\\\/DSC2571.jpg\",\"contentUrl\":\"https:\\\/\\\/taghazoutlife.com\\\/wp-content\\\/uploads\\\/2026\\\/03\\\/DSC2571.jpg\",\"width\":2000,\"height\":1500},{\"@type\":\"BreadcrumbList\",\"@id\":\"https:\\\/\\\/taghazoutlife.com\\\/contact-us\\\/#breadcrumb\",\"itemListElement\":[{\"@type\":\"ListItem\",\"position\":1,\"name\":\"Home\",\"item\":\"https:\\\/\\\/taghazoutlife.com\\\/\"},{\"@type\":\"ListItem\",\"position\":2,\"name\":\"Contact us\"}]},{\"@type\":\"WebSite\",\"@id\":\"https:\\\/\\\/taghazoutlife.com\\\/#website\",\"url\":\"https:\\\/\\\/taghazoutlife.com\\\/\",\"name\":\"Taghazout Life Surf House\",\"description\":\"Surf Camp &amp; Accommodation in Taghazout Morocco\",\"publisher\":{\"@id\":\"https:\\\/\\\/taghazoutlife.com\\\/#organization\"},\"potentialAction\":[{\"@type\":\"SearchAction\",\"target\":{\"@type\":\"EntryPoint\",\"urlTemplate\":\"https:\\\/\\\/taghazoutlife.com\\\/?s={search_term_string}\"},\"query-input\":{\"@type\":\"PropertyValueSpecification\",\"valueRequired\":true,\"valueName\":\"search_term_string\"}}],\"inLanguage\":\"fr-FR\"},{\"@type\":\"Organization\",\"@id\":\"https:\\\/\\\/taghazoutlife.com\\\/#organization\",\"name\":\"Taghazout Life Surf House\",\"url\":\"https:\\\/\\\/taghazoutlife.com\\\/\",\"logo\":{\"@type\":\"ImageObject\",\"inLanguage\":\"fr-FR\",\"@id\":\"https:\\\/\\\/taghazoutlife.com\\\/#\\\/schema\\\/logo\\\/image\\\/\",\"url\":\"https:\\\/\\\/taghazoutlife.com\\\/wp-content\\\/uploads\\\/2026\\\/03\\\/logo-footer-black.png\",\"contentUrl\":\"https:\\\/\\\/taghazoutlife.com\\\/wp-content\\\/uploads\\\/2026\\\/03\\\/logo-footer-black.png\",\"width\":512,\"height\":512,\"caption\":\"Taghazout Life Surf House\"},\"image\":{\"@id\":\"https:\\\/\\\/taghazoutlife.com\\\/#\\\/schema\\\/logo\\\/image\\\/\"}}]}<\/script>\n<!-- \/ Yoast SEO plugin. -->","yoast_head_json":{"title":"Contact us - Taghazout Life Surf House","description":"Get in touch with Taghazout Life Surf House for bookings, questions, or info about surf, yoga, and your stay in Taghazout, Morocco.","robots":{"index":"index","follow":"follow","max-snippet":"max-snippet:-1","max-image-preview":"max-image-preview:large","max-video-preview":"max-video-preview:-1"},"canonical":"https:\/\/taghazoutlife.com\/fr\/contact-us\/","og_locale":"fr_FR","og_type":"article","og_title":"Contact us - Taghazout Life Surf House","og_description":"Get in touch with Taghazout Life Surf House for bookings, questions, or info about surf, yoga, and your stay in Taghazout, Morocco.","og_url":"https:\/\/taghazoutlife.com\/fr\/contact-us\/","og_site_name":"Taghazout Life Surf House","article_modified_time":"2026-04-03T12:59:45+00:00","og_image":[{"width":2000,"height":1500,"url":"https:\/\/taghazoutlife.com\/wp-content\/uploads\/2026\/03\/DSC2571.jpg","type":"image\/jpeg"}],"twitter_card":"summary_large_image","twitter_misc":{"Dur\u00e9e de lecture estim\u00e9e":"2 minutes"},"schema":{"@context":"https:\/\/schema.org","@graph":[{"@type":"WebPage","@id":"https:\/\/taghazoutlife.com\/contact-us\/","url":"https:\/\/taghazoutlife.com\/contact-us\/","name":"Contact us - Taghazout Life Surf House","isPartOf":{"@id":"https:\/\/taghazoutlife.com\/#website"},"primaryImageOfPage":{"@id":"https:\/\/taghazoutlife.com\/contact-us\/#primaryimage"},"image":{"@id":"https:\/\/taghazoutlife.com\/contact-us\/#primaryimage"},"thumbnailUrl":"https:\/\/taghazoutlife.com\/wp-content\/uploads\/2026\/03\/DSC2571.jpg","datePublished":"2021-08-25T09:00:10+00:00","dateModified":"2026-04-03T12:59:45+00:00","description":"Get in touch with Taghazout Life Surf House for bookings, questions, or info about surf, yoga, and your stay in Taghazout, Morocco.","breadcrumb":{"@id":"https:\/\/taghazoutlife.com\/contact-us\/#breadcrumb"},"inLanguage":"fr-FR","potentialAction":[{"@type":"ReadAction","target":["https:\/\/taghazoutlife.com\/contact-us\/"]}]},{"@type":"ImageObject","inLanguage":"fr-FR","@id":"https:\/\/taghazoutlife.com\/contact-us\/#primaryimage","url":"https:\/\/taghazoutlife.com\/wp-content\/uploads\/2026\/03\/DSC2571.jpg","contentUrl":"https:\/\/taghazoutlife.com\/wp-content\/uploads\/2026\/03\/DSC2571.jpg","width":2000,"height":1500},{"@type":"BreadcrumbList","@id":"https:\/\/taghazoutlife.com\/contact-us\/#breadcrumb","itemListElement":[{"@type":"ListItem","position":1,"name":"Home","item":"https:\/\/taghazoutlife.com\/"},{"@type":"ListItem","position":2,"name":"Contact us"}]},{"@type":"WebSite","@id":"https:\/\/taghazoutlife.com\/#website","url":"https:\/\/taghazoutlife.com\/","name":"Taghazout Life Surf House","description":"Surf Camp &amp; Accommodation in Taghazout Morocco","publisher":{"@id":"https:\/\/taghazoutlife.com\/#organization"},"potentialAction":[{"@type":"SearchAction","target":{"@type":"EntryPoint","urlTemplate":"https:\/\/taghazoutlife.com\/?s={search_term_string}"},"query-input":{"@type":"PropertyValueSpecification","valueRequired":true,"valueName":"search_term_string"}}],"inLanguage":"fr-FR"},{"@type":"Organization","@id":"https:\/\/taghazoutlife.com\/#organization","name":"Taghazout Life Surf House","url":"https:\/\/taghazoutlife.com\/","logo":{"@type":"ImageObject","inLanguage":"fr-FR","@id":"https:\/\/taghazoutlife.com\/#\/schema\/logo\/image\/","url":"https:\/\/taghazoutlife.com\/wp-content\/uploads\/2026\/03\/logo-footer-black.png","contentUrl":"https:\/\/taghazoutlife.com\/wp-content\/uploads\/2026\/03\/logo-footer-black.png","width":512,"height":512,"caption":"Taghazout Life Surf House"},"image":{"@id":"https:\/\/taghazoutlife.com\/#\/schema\/logo\/image\/"}}]}},"_links":{"self":[{"href":"https:\/\/taghazoutlife.com\/fr\/wp-json\/wp\/v2\/pages\/5288","targetHints":{"allow":["GET"]}}],"collection":[{"href":"https:\/\/taghazoutlife.com\/fr\/wp-json\/wp\/v2\/pages"}],"about":[{"href":"https:\/\/taghazoutlife.com\/fr\/wp-json\/wp\/v2\/types\/page"}],"author":[{"embeddable":true,"href":"https:\/\/taghazoutlife.com\/fr\/wp-json\/wp\/v2\/users\/1"}],"replies":[{"embeddable":true,"href":"https:\/\/taghazoutlife.com\/fr\/wp-json\/wp\/v2\/comments?post=5288"}],"version-history":[{"count":22,"href":"https:\/\/taghazoutlife.com\/fr\/wp-json\/wp\/v2\/pages\/5288\/revisions"}],"predecessor-version":[{"id":11443,"href":"https:\/\/taghazoutlife.com\/fr\/wp-json\/wp\/v2\/pages\/5288\/revisions\/11443"}],"wp:featuredmedia":[{"embeddable":true,"href":"https:\/\/taghazoutlife.com\/fr\/wp-json\/wp\/v2\/media\/11231"}],"wp:attachment":[{"href":"https:\/\/taghazoutlife.com\/fr\/wp-json\/wp\/v2\/media?parent=5288"}],"curies":[{"name":"wp","href":"https:\/\/api.w.org\/{rel}","templated":true}]}}